{"id":860,"date":"2024-12-23T00:22:07","date_gmt":"2024-12-23T00:22:07","guid":{"rendered":"https:\/\/cenkgul.com\/?page_id=860"},"modified":"2025-03-14T03:18:29","modified_gmt":"2025-03-14T03:18:29","slug":"morpheus-8","status":"publish","type":"page","link":"https:\/\/cenkgul.com\/en\/services\/morpheus-8\/","title":{"rendered":"Morpheus 8"},"content":{"rendered":"<div data-elementor-type=\"wp-page\" data-elementor-id=\"860\" class=\"elementor elementor-860\" data-elementor-post-type=\"page\">\n\t\t\t\t<div class=\"elementor-element elementor-element-5776d659 e-flex e-con-boxed e-con e-parent\" data-id=\"5776d659\" data-element_type=\"container\" data-e-type=\"container\" data-settings=\"{&quot;background_background&quot;:&quot;classic&quot;}\">\n\t\t\t\t\t<div class=\"e-con-inner\">\n\t\t\t\t<div class=\"elementor-element elementor-element-6803b18b elementor-widget elementor-widget-heading\" data-id=\"6803b18b\" data-element_type=\"widget\" data-e-type=\"widget\" data-widget_type=\"heading.default\">\n\t\t\t\t\t<h1 class=\"elementor-heading-title elementor-size-default\">Morpheus 8<\/h1>\t\t\t\t<\/div>\n\t\t\t\t\t<\/div>\n\t\t\t\t<\/div>\n\t\t<div class=\"elementor-element elementor-element-5e2ded20 e-flex e-con-boxed e-con e-parent\" data-id=\"5e2ded20\" data-element_type=\"container\" data-e-type=\"container\">\n\t\t\t\t\t<div class=\"e-con-inner\">\n\t\t<div class=\"elementor-element elementor-element-2e7fff39 e-con-full e-flex e-con e-child\" data-id=\"2e7fff39\" data-element_type=\"container\" data-e-type=\"container\">\n\t\t\t\t<div class=\"elementor-element elementor-element-2cdc7e78 elementor-toc--minimized-on-desktop elementor-widget elementor-widget-table-of-contents\" data-id=\"2cdc7e78\" data-element_type=\"widget\" data-e-type=\"widget\" data-settings=\"{&quot;exclude_headings_by_selector&quot;:[],&quot;no_headings_message&quot;:&quot;No headings were found on this page.&quot;,&quot;minimized_on&quot;:&quot;desktop&quot;,&quot;headings_by_tags&quot;:[&quot;h2&quot;,&quot;h3&quot;,&quot;h4&quot;,&quot;h5&quot;,&quot;h6&quot;],&quot;marker_view&quot;:&quot;numbers&quot;,&quot;minimize_box&quot;:&quot;yes&quot;,&quot;hierarchical_view&quot;:&quot;yes&quot;,&quot;min_height&quot;:{&quot;unit&quot;:&quot;px&quot;,&quot;size&quot;:&quot;&quot;,&quot;sizes&quot;:[]},&quot;min_height_tablet_extra&quot;:{&quot;unit&quot;:&quot;px&quot;,&quot;size&quot;:&quot;&quot;,&quot;sizes&quot;:[]},&quot;min_height_tablet&quot;:{&quot;unit&quot;:&quot;px&quot;,&quot;size&quot;:&quot;&quot;,&quot;sizes&quot;:[]},&quot;min_height_mobile_extra&quot;:{&quot;unit&quot;:&quot;px&quot;,&quot;size&quot;:&quot;&quot;,&quot;sizes&quot;:[]},&quot;min_height_mobile&quot;:{&quot;unit&quot;:&quot;px&quot;,&quot;size&quot;:&quot;&quot;,&quot;sizes&quot;:[]}}\" data-widget_type=\"table-of-contents.default\">\n\t\t\t\t\t\t\t\t\t<div class=\"elementor-toc__header\">\r\n\t\t\t\t\t\t<h4 class=\"elementor-toc__header-title\">\r\n\t\t\t\tTable of Contents\t\t\t<\/h4>\r\n\t\t\t\t\t\t\t\t\t\t<div class=\"elementor-toc__toggle-button elementor-toc__toggle-button--expand\" role=\"button\" tabindex=\"0\" aria-controls=\"elementor-toc__2cdc7e78\" aria-expanded=\"true\" aria-label=\"Open table of contents\" data-no-translation-aria-label=\"\"><svg aria-hidden=\"true\" class=\"e-font-icon-svg e-fas-chevron-down\" viewbox=\"0 0 448 512\" xmlns=\"http:\/\/www.w3.org\/2000\/svg\"><path d=\"M207.029 381.476L12.686 187.132c-9.373-9.373-9.373-24.569 0-33.941l22.667-22.667c9.357-9.357 24.522-9.375 33.901-.04L224 284.505l154.745-154.021c9.379-9.335 24.544-9.317 33.901.04l22.667 22.667c9.373 9.373 9.373 24.569 0 33.941L240.971 381.476c-9.373 9.372-24.569 9.372-33.942 0z\"><\/path><\/svg><\/div>\r\n\t\t\t\t<div class=\"elementor-toc__toggle-button elementor-toc__toggle-button--collapse\" role=\"button\" tabindex=\"0\" aria-controls=\"elementor-toc__2cdc7e78\" aria-expanded=\"true\" aria-label=\"Close table of contents\" data-no-translation-aria-label=\"\"><svg aria-hidden=\"true\" class=\"e-font-icon-svg e-fas-chevron-up\" viewbox=\"0 0 448 512\" xmlns=\"http:\/\/www.w3.org\/2000\/svg\"><path d=\"M240.971 130.524l194.343 194.343c9.373 9.373 9.373 24.569 0 33.941l-22.667 22.667c-9.357 9.357-24.522 9.375-33.901.04L224 227.495 69.255 381.516c-9.379 9.335-24.544 9.317-33.901-.04l-22.667-22.667c-9.373-9.373-9.373-24.569 0-33.941L207.03 130.525c9.372-9.373 24.568-9.373 33.941-.001z\"><\/path><\/svg><\/div>\r\n\t\t\t\t\t<\/div>\r\n\t\t\t\t<div id=\"elementor-toc__2cdc7e78\" class=\"elementor-toc__body\">\r\n\t\t\t<div class=\"elementor-toc__spinner-container\">\r\n\t\t\t\t<svg class=\"elementor-toc__spinner eicon-animation-spin e-font-icon-svg e-eicon-loading\" aria-hidden=\"true\" viewbox=\"0 0 1000 1000\" xmlns=\"http:\/\/www.w3.org\/2000\/svg\"><path d=\"M500 975V858C696 858 858 696 858 500S696 142 500 142 142 304 142 500H25C25 237 238 25 500 25S975 237 975 500 763 975 500 975Z\"><\/path><\/svg>\t\t\t<\/div>\r\n\t\t<\/div>\r\n\t\t\t\t\t\t<\/div>\n\t\t\t\t<div class=\"elementor-element elementor-element-3b9d5a58 elementor-widget elementor-widget-text-editor\" data-id=\"3b9d5a58\" data-element_type=\"widget\" data-e-type=\"widget\" data-widget_type=\"text-editor.default\">\n\t\t\t\t\t\t\t\t\t<p>Modern aesthetic practices offer innovative technologies to reduce the signs of aging and improve skin health. Morpheus 8 is a minimally invasive treatment that regenerates subcutaneous tissues for a younger and healthier appearance. Combining radio frequency (RF) and micro-needling technologies, this method can be used for both the face and body. In this article, you can find detailed information about what Morpheus 8 treatment is, how it is applied, its advantages and effects.<\/p><hr \/><h2>What is the Morpheus 8 Treatment?<\/h2><p>Morpheus 8 is an aesthetic treatment with advanced technology developed to provide skin renewal and tightening. Radio frequency energy transmitted under the skin through micro-needles targets subcutaneous tissues and triggers collagen production, tightening the skin tissue. This method offers effective results not only for the face, but also for other parts of the body such as the neck, d\u00e9collet\u00e9, abdomen and arms.<\/p><hr \/><h2>How is Morpheus 8 Treatment Applied?<\/h2><p>The treatment is usually carried out comfortably by applying a local anesthetic cream and includes the following steps<\/p><ol><li><p><strong>Volume Analysis and Planning<\/strong><br \/>Before the treatment, the doctor analyzes the skin structure and creates a treatment plan according to the patient's needs.<\/p><\/li><li><p><strong>Radio Frequency and Micro Needling Application<\/strong><br \/>Micro-needles penetrate different layers of the skin and stimulate deep tissues with radio frequency energy. This energy allows the skin to tighten and regenerate.<\/p><\/li><li><p><strong>Treatment Duration and Sessions<\/strong><br \/>One session lasts approximately 30-60 minutes. Usually 2-3 sessions are recommended for effective results. Session intervals are determined as 4-6 weeks.<\/p><\/li><\/ol><hr \/><h2>Uses of Morpheus 8 Treatment<\/h2><p>Morpheus 8 offers a treatment to solve different skin problems:<\/p><ul><li><strong>Wrinkles and Fine Lines<\/strong>: Reduces signs of aging.<\/li><li><strong>Skin Elasticity and Tightening<\/strong>: Eliminates sagging and improves skin firmness.<\/li><li><strong>Acne and Scars<\/strong>: Lightens acne scars and other skin blemishes.<\/li><li><strong>Improving Skin Tone and Texture<\/strong>: Provides a smoother and homogeneous skin appearance.<\/li><\/ul><hr \/><h2>Advantages of Morpheus 8 Treatment<\/h2><ol><li><strong>Minimally Invasive<\/strong><br \/>It provides effective results without requiring a surgical procedure.<\/li><li><strong>Short Recovery Time<\/strong><br \/>After the treatment, there are no serious side effects other than mild redness of the skin and the patient can quickly return to his\/her daily life.<\/li><li><strong>Long Term Results<\/strong><br \/>With increased collagen production, the results continue to improve for up to 6 months and the effects can last for 1-2 years.<\/li><li><strong>Suitable for All Skin Types<\/strong><br \/>It can be safely applied on different skin types and tones.<\/li><\/ol><hr \/><h2>Are There Side Effects of Morpheus 8 Treatment?<\/h2><p>The treatment is usually safe and free of serious side effects. However, minimal effects such as temporary redness, mild swelling or tenderness of the skin may occur. These side effects usually disappear on their own within a few days.<\/p><hr \/><h2>Who is it suitable for?<\/h2><p>The Morpheus 8 treatment is ideal for individuals over the age of 30 who want skin tightening and renewal. It is also suitable for people who have lost skin elasticity, have acne scars or want to improve skin tone. Pregnancy, breastfeeding and people with serious skin diseases require specialist assessment prior to treatment.<\/p><hr \/><p><strong>Conclusion<\/strong><\/p><p>Morpheus 8 is a reliable and effective option for individuals who want to reduce the signs of aging and improve skin health. Thanks to its modern technology, it offers a natural appearance without the need for surgical intervention. Getting an evaluation from a specialized doctor before starting treatment helps you achieve the best results by ensuring a personalized planning.<\/p>\t\t\t\t\t\t\t\t<\/div>\n\t\t\t\t<\/div>\n\t\t<div class=\"elementor-element elementor-element-3dbbbde2 e-con-full e-flex e-con e-child\" data-id=\"3dbbbde2\" data-element_type=\"container\" data-e-type=\"container\">\n\t\t<div class=\"elementor-element elementor-element-45ea923e e-con-full e-flex e-con e-child\" data-id=\"45ea923e\" data-element_type=\"container\" data-e-type=\"container\" data-settings=\"{&quot;background_background&quot;:&quot;classic&quot;,&quot;sticky&quot;:&quot;top&quot;,&quot;sticky_offset&quot;:15,&quot;sticky_parent&quot;:&quot;yes&quot;,&quot;sticky_on&quot;:[&quot;desktop&quot;,&quot;tablet_extra&quot;,&quot;tablet&quot;,&quot;mobile_extra&quot;,&quot;mobile&quot;],&quot;sticky_effects_offset&quot;:0,&quot;sticky_anchor_link_offset&quot;:0}\">\n\t\t\t\t<div class=\"elementor-element elementor-element-630c33e8 elementor-widget elementor-widget-heading\" data-id=\"630c33e8\" data-element_type=\"widget\" data-e-type=\"widget\" data-widget_type=\"heading.default\">\n\t\t\t\t\t<div class=\"elementor-heading-title elementor-size-default\">Free Consultancy<\/div>\t\t\t\t<\/div>\n\t\t\t\t<div class=\"elementor-element elementor-element-6d00f364 elementor-widget elementor-widget-heading\" data-id=\"6d00f364\" data-element_type=\"widget\" data-e-type=\"widget\" data-widget_type=\"heading.default\">\n\t\t\t\t\t<p class=\"elementor-heading-title elementor-size-default\">Do you want to be treated or do you have something on your mind? Fill out the form and we will call you<\/p>\t\t\t\t<\/div>\n\t\t\t\t<div class=\"elementor-element elementor-element-2029689c elementor-widget elementor-widget-metform\" data-id=\"2029689c\" data-element_type=\"widget\" data-e-type=\"widget\" data-settings=\"{&quot;mf_form_multistep_status&quot;:&quot;no&quot;}\" data-widget_type=\"metform.default\">\n\t\t\t\t\t<div id=\"mf-response-props-id-572\" data-previous-steps-style=\"\" data-editswitchopen=\"no\" data-response_type=\"alert\" data-erroricon=\"\" data-successicon=\"\" data-messageposition=\"\" class=\"mf_slide_direction_horizontal no mf-scroll-top-no\">\n\t\t<div class=\"formpicker_warper formpicker_warper_editable\" data-metform-formpicker-key=\"572\" >\n\t\t\t\t\n\t\t\t<div class=\"mf-widget-container\">\n\t\t\t\t\r\n\t\t<div\r\n\t\t\tid=\"metform-wrap-2029689c-572\"\r\n\t\t\tclass=\"mf-form-wrapper\"\r\n\t\t\tdata-form-id=\"572\"\r\n\t\t\tdata-action=\"https:\/\/cenkgul.com\/en\/wp-json\/metform\/v1\/entries\/insert\/572\"\r\n\t\t\tdata-wp-nonce=\"60940ab152\"\r\n\t\t\tdata-form-nonce=\"2083681fc7\"\r\n\t\t\tdata-quiz-summery = \"false\"\r\n\t\t\tdata-save-progress = \"false\"\r\n\t\t\tdata-form-type=\"general-form\"\r\n\t\t\tdata-stop-vertical-effect=\"\"\r\n\t\t\t><\/div>\r\n\r\n\r\n\t\t<!----------------------------- \r\n\t\t\t* controls_data : find the the props passed indie of data attribute\r\n\t\t\t* props.SubmitResponseMarkup : contains the markup of error or success message\r\n\t\t\t* https:\/\/developer.mozilla.org\/en-US\/docs\/Web\/JavaScript\/Reference\/Template_literals\r\n\t\t--------------------------- -->\r\n\r\n\t\t\t\t<script type=\"text\/mf\" class=\"mf-template\">\r\n\t\t\tfunction controls_data (value){\r\n\t\t\t\tlet currentWrapper = \"mf-response-props-id-572\";\r\n\t\t\t\tlet currentEl = document.getElementById(currentWrapper);\r\n\t\t\t\t\r\n\t\t\t\treturn currentEl ? currentEl.dataset[value] : false\r\n\t\t\t}\r\n\r\n\r\n\t\t\tlet is_edit_mode = '' ? true : false;\r\n\t\t\tlet message_position = controls_data('messageposition') || 'top';\r\n\r\n\t\t\t\r\n\t\t\tlet message_successIcon = controls_data('successicon') || '';\r\n\t\t\tlet message_errorIcon = controls_data('erroricon') || '';\r\n\t\t\tlet message_editSwitch = controls_data('editswitchopen') === 'yes' ? true : false;\r\n\t\t\tlet message_proClass = controls_data('editswitchopen') === 'yes' ? 'mf_pro_activated' : '';\r\n\t\t\t\r\n\t\t\tlet is_dummy_markup = is_edit_mode && message_editSwitch ? true : false;\r\n\r\n\t\t\t\r\n\t\t\treturn html`\r\n\t\t\t\t<form\r\n\t\t\t\t\tclassName=\"metform-form-content\"\r\n\t\t\t\t\tref=${parent.formContainerRef}\r\n\t\t\t\t\tonSubmit=${ validation.handleSubmit( parent.handleFormSubmit ) }\r\n\t\t\t\t\r\n\t\t\t\t\t>\r\n\t\t\t\r\n\t\t\t\r\n\t\t\t\t\t${is_dummy_markup ? message_position === 'top' ?  props.ResponseDummyMarkup(message_successIcon, message_proClass) : '' : ''}\r\n\t\t\t\t\t${is_dummy_markup ? ' ' :  message_position === 'top' ? props.SubmitResponseMarkup`${parent}${state}${message_successIcon}${message_errorIcon}${message_proClass}` : ''}\r\n\r\n\t\t\t\t\t<!--------------------------------------------------------\r\n\t\t\t\t\t*** IMPORTANT \/ DANGEROUS ***\r\n\t\t\t\t\t${html``} must be used as in immediate child of \"metform-form-main-wrapper\"\r\n\t\t\t\t\tclass otherwise multistep form will not run at all\r\n\t\t\t\t\t---------------------------------------------------------->\r\n\r\n\t\t\t\t\t<div className=\"metform-form-main-wrapper\" key=${'hide-form-after-submit'} ref=${parent.formRef}>\r\n\t\t\t\t\t${html`\r\n\t\t\t\t\t\t\t\t<div data-elementor-type=\"wp-post\" key=\"2\" data-elementor-id=\"572\" className=\"elementor elementor-572\" data-elementor-post-type=\"metform-form\">\n\t\t\t\t<div className=\"elementor-element elementor-element-2034011 e-con-full e-flex e-con e-parent\" data-id=\"2034011\" data-element_type=\"container\" data-e-type=\"container\">\n\t\t<div className=\"elementor-element elementor-element-08b75b5 e-grid e-con-full e-con e-child\" data-id=\"08b75b5\" data-element_type=\"container\" data-e-type=\"container\" data-settings=\"{&quot;metform_multistep_settings_icon&quot;:{&quot;value&quot;:&quot;&quot;,&quot;library&quot;:&quot;&quot;}}\">\n\t\t\t\t<div className=\"elementor-element elementor-element-1817106 elementor-widget elementor-widget-mf-listing-fname\" data-id=\"1817106\" data-element_type=\"widget\" data-e-type=\"widget\" data-settings=\"{&quot;mf_input_name&quot;:&quot;mf-listing-fname&quot;,&quot;mf_input_get_params_enable&quot;:&quot;no&quot;}\" data-widget_type=\"mf-listing-fname.default\">\n\t\t\t\t\t\n\t\t<div className=\"mf-input-wrapper\">\n\t\t\t\n\t\t\t<input type=\"text\" className=\"mf-input \" id=\"mf-input-text-1817106\" \n\t\t\t\tname=\"mf-listing-fname\" \n\t\t\t\tplaceholder=\"${ parent.decodeEntities(`\u0130sim &amp; Soyisim`) } \"\n\t\t\t\tonInput=${ parent.handleChange }\n\n\t\t\t\t\t\t\t\t\taria-invalid=${validation.errors['mf-listing-fname'] ? 'true' : 'false'}\n\t\t\t\t\tref=${ el => parent.activateValidation({\"message\":\"Bu alan zorunludur.\",\"minLength\":1,\"maxLength\":\"\",\"type\":\"none\",\"required\":true,\"expression\":\"null\"}, el) }\n\t\t\t\t\t\t\t\/>\n\n\t\t\t\t\t\t\t<${validation.ErrorMessage}\n\t\t\t\t\terrors=${validation.errors}\n\t\t\t\t\tname=\"mf-listing-fname\"\n\t\t\t\t\tas=${html`<span className=\"mf-error-message\"><\/span>`}\n\t\t\t\t\t\/>\n\t\t\t\t\t\t\t\t<\/div>\n\n\t\t\t\t\t\t<\/div>\n\t\t\t\t<div className=\"elementor-element elementor-element-7923f71 elementor-widget elementor-widget-mf-email\" data-id=\"7923f71\" data-element_type=\"widget\" data-e-type=\"widget\" data-settings=\"{&quot;mf_input_name&quot;:&quot;mf-email&quot;,&quot;mf_input_get_params_enable&quot;:&quot;no&quot;}\" data-widget_type=\"mf-email.default\">\n\t\t\t\t\t\r\n\t\t<div className=\"mf-input-wrapper\">\r\n\t\t\t\r\n\t\t\t<input \r\n\t\t\t\ttype=\"email\" \r\n\t\t\t\t \r\n\t\t\t\tdefaultValue=\"\" \r\n\t\t\t\tclassName=\"mf-input \" \r\n\t\t\t\tid=\"mf-input-email-7923f71\" \r\n\t\t\t\tname=\"mf-email\" \r\n\t\t\t\tplaceholder=\"${ parent.decodeEntities(`Email`) } \" \r\n\t\t\t\t \r\n\t\t\t\tonBlur=${parent.handleChange} onFocus=${parent.handleChange} aria-invalid=${validation.errors['mf-email'] ? 'true' : 'false' } \r\n\t\t\t\tref=${el=> parent.activateValidation({\"message\":\"Bu alan zorunludur.\",\"emailMessage\":\"Please enter a valid Email address\",\"minLength\":1,\"maxLength\":\"\",\"type\":\"none\",\"required\":true,\"expression\":\"null\"}, el)}\r\n\t\t\t\t\t\t\t\/>\r\n\r\n\t\t\t\t\t\t<${validation.ErrorMessage} \r\n\t\t\t\terrors=${validation.errors} \r\n\t\t\t\tname=\"mf-email\" \r\n\t\t\t\tas=${html`<span className=\"mf-error-message\"><\/span>`}\r\n\t\t\t\/>\r\n\t\t\t\r\n\t\t\t\t\t<\/div>\r\n\r\n\t\t\t\t<\/div>\n\t\t\t\t<div className=\"elementor-element elementor-element-763cd8c elementor-widget elementor-widget-mf-mobile\" data-id=\"763cd8c\" data-element_type=\"widget\" data-e-type=\"widget\" data-settings=\"{&quot;mf_input_name&quot;:&quot;mf-mobile&quot;}\" data-widget_type=\"mf-mobile.default\">\n\t\t\t\t<div className=\"elementor-widget-container\">\n\t\t\t\t\t\n\t\t\n\t\t<div className=\"mf-input-wrapper\">\n\t\t\t\n\t\t\t<${props.ReactPhoneInput}\n\t\t\t\tinputProps=${{\n\t\t\t\t\tname: \"mf-mobile\"\n\t\t\t\t}}\n\t\t\t\tinputExtraProps=${{\n\t\t\t\t\trequired: true,\n\t\t\t\t\tautoFocus: true,\n\t\t\t\t}}\n\t\t\t\tkey=${parent.state.resetKey}\n\t\t\t\tsearchPlaceholder=\"Search\"\n\t\t\t\tinputClass=\"mf-input mf-input-mobile\"\n\t\t\t\tcountry=\"tr\"\n\t\t\t\tenableSearch=${true}\n\t\t\t\tcountryCodeEditable=${false}\n\t\t\t\tenableAreaCodes=${false}\n\t\t\t\tvalue=${parent.state.mobileWidget[\"mf-mobile\"] ? parent.state.mobileWidget[\"mf-mobile\"] : \n\t\t\t\t(parent.state.formData[\"mf-mobile\"] ? parent.state.formData[\"mf-mobile\"] : '')}\n\t\t\t\t}\n\t\t\t\tname=\"mf-mobile\"\n\t\t\t\tid=\"mf-input-mobile-763cd8c\"\n\t\t\t\tonChange=${(value, country) => {\n\t\t\t\t\treturn parent.handleOnChangePhoneInput(value, \"mf-mobile\", country)\n\t\t\t\t} }\n\t\t\t\tonBlur=${(event, country) => {\n\t\t\t\t\tlet value = event.target.value;\n\t\t\t\t\tif(value){\n\t\t\t\t\t\tvalue = value.replace(\/[^\\d]\/g, '');\n\t\t\t\t\t}\n\t\t\t\t\tparent.handleOnChangePhoneInput(value, \"mf-mobile\", country)\n\t\t\t\t} }\n\t\t\t\t\/>\n\t\t\t\t\t\t\t<input\n\t\t\t\t\ttype=\"hidden\"\n\t\t\t\t\tname=\"mf-mobile\"\n\t\t\t\t\tclassName=\"mf-input mf-mobile-hidden\"\n\t\t\t\t\tstyle=${{ 'display': 'none', }}\n\t\t\t\t\tvalue=${ parent.getValue( 'mf-mobile' ) }\n\t\t\t\t\tref=${ (el) => parent.activateValidation({\"message\":\"Bu alan zorunludur.\",\"minLength\":1,\"maxLength\":\"\",\"type\":\"none\",\"required\":true}, el) }\n\t\t\t\t\t\/>\n\t\t\t\t<${validation.ErrorMessage}\n\t\t\t\t\terrors=${validation.errors}\n\t\t\t\t\tname=\"mf-mobile\"\n\t\t\t\t\tas=${html`<span className=\"mf-error-message\"><\/span>`}\n\t\t\t\t\t\/>\n\t\t\t\t\t\t\n\t\t\t\t\t<\/div>\n\n\t\t\n\t\t\t\t\t\t<\/div>\n\t\t\t\t<\/div>\n\t\t\t\t<div className=\"elementor-element elementor-element-85c1d89 elementor-widget elementor-widget-mf-text\" data-id=\"85c1d89\" data-element_type=\"widget\" data-e-type=\"widget\" data-settings=\"{&quot;mf_input_name&quot;:&quot;mf-text&quot;,&quot;mf_input_get_params_enable&quot;:&quot;no&quot;}\" data-widget_type=\"mf-text.default\">\n\t\t\t\t\t\r\n\t\t<div className=\"mf-input-wrapper\">\r\n\t\t\t\r\n\t\t\t<input\r\n\t\t\t\ttype=\"text\"\r\n\t\t\t\tclassName=\"mf-input \"\r\n\t\t\t\tid=\"mf-input-text-85c1d89\"\r\n\t\t\t\tname=\"mf-text\"\r\n\t\t\t\tplaceholder=\"${ parent.decodeEntities(`Konu`) } \"\r\n\t\t\t\t\t\t\t\t\tonInput=${parent.handleChange}\r\n\t\t\t\t\tonBlur=${parent.handleChange}\r\n\t\t\t\t\taria-invalid=${validation.errors['mf-text'] ? 'true' : 'false'}\r\n\t\t\t\t\tref=${el =>{\r\n\t\t\t\t\t\t\t\t\t\t\t\tparent.activateValidation({\"message\":\"This field is required.\",\"minLength\":1,\"maxLength\":\"\",\"type\":\"none\",\"required\":false,\"expression\":\"null\"}, el)\r\n\t\t\t\t\t}}\r\n\t\t\t\t\t\t\t\t\/>\r\n\r\n\t\t\t\t\t\t\t<${validation.ErrorMessage}\r\n\t\t\t\t\terrors=${validation.errors}\r\n\t\t\t\t\tname=\"mf-text\"\r\n\t\t\t\t\tas=${html`<span className=\"mf-error-message\"><\/span>`}\r\n\t\t\t\t\t\/>\r\n\t\t\t\r\n\t\t\t\t\t<\/div>\r\n\r\n\t\t\t\t\t\t<\/div>\n\t\t\t\t<div className=\"elementor-element elementor-element-275598c elementor-widget elementor-widget-mf-textarea\" data-id=\"275598c\" data-element_type=\"widget\" data-e-type=\"widget\" data-settings=\"{&quot;mf_input_name&quot;:&quot;mf-textarea&quot;,&quot;mf_input_get_params_enable&quot;:&quot;no&quot;}\" data-widget_type=\"mf-textarea.default\">\n\t\t\t\t\t\r\n\t\t<div className=\"mf-input-wrapper\">\r\n\t\t\t\r\n\t\t\t<textarea className=\"mf-input mf-textarea \" id=\"mf-input-text-area-275598c\"\r\n\t\t\t\tname=\"mf-textarea\" \r\n\t\t\t\tplaceholder=\"${ parent.decodeEntities(`Mesaj\u0131n\u0131z`) } \"\r\n\t\t\t\tcols=\"30\" rows=\"10\"\r\n\t\t\t\t\t\t\t\t\tonInput=${ parent.handleChange }\r\n\t\t\t\t\taria-invalid=${validation.errors['mf-textarea'] ? 'true' : 'false'}\r\n\t\t\t\t\tref=${ el => parent.activateValidation({\"message\":\"This field is required.\",\"minLength\":1,\"maxLength\":\"\",\"type\":\"none\",\"required\":false,\"expression\":\"null\"}, el)}\r\n\t\t\t\t\t\t\t\t><\/textarea>\r\n\r\n\t\t\t\t\t\t\t<${validation.ErrorMessage}\r\n\t\t\t\t\terrors=${validation.errors}\r\n\t\t\t\t\tname=\"mf-textarea\"\r\n\t\t\t\t\tas=${html`<span className=\"mf-error-message\"><\/span>`}\r\n\t\t\t\t\t\/>\r\n\t\t\t\t\t\t\t\t<\/div>\r\n\r\n\t\t\t\t\t\t<\/div>\n\t\t\t\t<div className=\"elementor-element elementor-element-bc86632 mf-btn--left elementor-widget elementor-widget-mf-button\" data-id=\"bc86632\" data-element_type=\"widget\" data-e-type=\"widget\" data-widget_type=\"mf-button.default\">\n\t\t\t\t\t\t\t<div className=\"mf-btn-wraper \" data-mf-form-conditional-logic-requirement=\"\">\r\n\t\t\t\t\t\t\t<button type=\"submit\" className=\"metform-btn metform-submit-btn \" id=\"\">\r\n\t\t\t\t\t<span>${ parent.decodeEntities(`G\u00f6nder`) } <\/span>\r\n\t\t\t\t<\/button>\r\n\t\t\t        <\/div>\r\n        \t\t\t\t<\/div>\n\t\t\t\t<\/div>\n\t\t\t\t<\/div>\n\t\t\t\t<\/div>\n\t\t\t\t\t\t\t`}\r\n\t\t\t\t\t<\/div>\r\n\r\n\t\t\t\t\t${is_dummy_markup ? message_position === 'bottom' ? props.ResponseDummyMarkup(message_successIcon, message_proClass) : '' : ''}\r\n\t\t\t\t\t${is_dummy_markup ? ' ' : message_position === 'bottom' ? props.SubmitResponseMarkup`${parent}${state}${message_successIcon}${message_errorIcon}${message_proClass}` : ''}\r\n\t\t\t\t\r\n\t\t\t\t<\/form>\r\n\t\t\t`\r\n\t\t<\/script>\r\n\r\n\t\t\t\t\t<\/div>\n\t\t<\/div>\n\t\t<\/div>\t\t\t\t<\/div>\n\t\t\t\t<\/div>\n\t\t\t\t<\/div>\n\t\t\t\t\t<\/div>\n\t\t\t\t<\/div>\n\t\t\t\t<\/div>","protected":false},"excerpt":{"rendered":"<p>\u0130\u00e7indekiler Modern estetik uygulamalar, ya\u015flanma belirtilerini azaltmak ve cilt sa\u011fl\u0131\u011f\u0131n\u0131 iyile\u015ftirmek i\u00e7in yenilik\u00e7i teknolojiler sunmaktad\u0131r. Morpheus 8, minimal invaziv bir y\u00f6ntemle cilt alt\u0131 dokular\u0131 yenileyerek daha gen\u00e7 ve sa\u011fl\u0131kl\u0131 bir g\u00f6r\u00fcn\u00fcm sa\u011flayan bir tedavidir. Radyo frekans (RF) ve mikro i\u011fneleme teknolojilerini birle\u015ftiren bu y\u00f6ntem, hem y\u00fcz hem de v\u00fccut i\u00e7in kullan\u0131labilir. Bu yaz\u0131da, Morpheus 8 [&hellip;]<\/p>","protected":false},"author":1,"featured_media":340,"parent":725,"menu_order":0,"comment_status":"closed","ping_status":"closed","template":"","meta":{"_seopress_robots_primary_cat":"","_seopress_titles_title":"Morpheus 8 Nedir? Cilt Yenilemede Devrim Yaratan Teknoloji","_seopress_titles_desc":"","_seopress_robots_index":"","footnotes":""},"class_list":["post-860","page","type-page","status-publish","has-post-thumbnail","hentry"],"_links":{"self":[{"href":"https:\/\/cenkgul.com\/en\/wp-json\/wp\/v2\/pages\/860","targetHints":{"allow":["GET"]}}],"collection":[{"href":"https:\/\/cenkgul.com\/en\/wp-json\/wp\/v2\/pages"}],"about":[{"href":"https:\/\/cenkgul.com\/en\/wp-json\/wp\/v2\/types\/page"}],"author":[{"embeddable":true,"href":"https:\/\/cenkgul.com\/en\/wp-json\/wp\/v2\/users\/1"}],"replies":[{"embeddable":true,"href":"https:\/\/cenkgul.com\/en\/wp-json\/wp\/v2\/comments?post=860"}],"version-history":[{"count":0,"href":"https:\/\/cenkgul.com\/en\/wp-json\/wp\/v2\/pages\/860\/revisions"}],"up":[{"embeddable":true,"href":"https:\/\/cenkgul.com\/en\/wp-json\/wp\/v2\/pages\/725"}],"wp:featuredmedia":[{"embeddable":true,"href":"https:\/\/cenkgul.com\/en\/wp-json\/wp\/v2\/media\/340"}],"wp:attachment":[{"href":"https:\/\/cenkgul.com\/en\/wp-json\/wp\/v2\/media?parent=860"}],"curies":[{"name":"wp","href":"https:\/\/api.w.org\/{rel}","templated":true}]}}