{"id":1026,"date":"2024-12-23T18:31:15","date_gmt":"2024-12-23T18:31:15","guid":{"rendered":"https:\/\/cenkgul.com\/?page_id=1026"},"modified":"2025-03-14T03:19:25","modified_gmt":"2025-03-14T03:19:25","slug":"filling","status":"publish","type":"page","link":"https:\/\/cenkgul.com\/en\/services\/filling\/","title":{"rendered":"Filler"},"content":{"rendered":"<div data-elementor-type=\"wp-page\" data-elementor-id=\"1026\" class=\"elementor elementor-1026\" data-elementor-post-type=\"page\">\n\t\t\t\t<div class=\"elementor-element elementor-element-61b2666f e-flex e-con-boxed e-con e-parent\" data-id=\"61b2666f\" data-element_type=\"container\" data-e-type=\"container\" data-settings=\"{&quot;background_background&quot;:&quot;classic&quot;}\">\n\t\t\t\t\t<div class=\"e-con-inner\">\n\t\t\t\t<div class=\"elementor-element elementor-element-7fbe0033 elementor-widget elementor-widget-heading\" data-id=\"7fbe0033\" data-element_type=\"widget\" data-e-type=\"widget\" data-widget_type=\"heading.default\">\n\t\t\t\t\t<h1 class=\"elementor-heading-title elementor-size-default\">Filler<\/h1>\t\t\t\t<\/div>\n\t\t\t\t\t<\/div>\n\t\t\t\t<\/div>\n\t\t<div class=\"elementor-element elementor-element-2e4863e2 e-flex e-con-boxed e-con e-parent\" data-id=\"2e4863e2\" data-element_type=\"container\" data-e-type=\"container\">\n\t\t\t\t\t<div class=\"e-con-inner\">\n\t\t<div class=\"elementor-element elementor-element-32eecadb e-con-full e-flex e-con e-child\" data-id=\"32eecadb\" data-element_type=\"container\" data-e-type=\"container\">\n\t\t\t\t<div class=\"elementor-element elementor-element-1592bd5a elementor-toc--minimized-on-desktop elementor-widget elementor-widget-table-of-contents\" data-id=\"1592bd5a\" data-element_type=\"widget\" data-e-type=\"widget\" data-settings=\"{&quot;exclude_headings_by_selector&quot;:[],&quot;no_headings_message&quot;:&quot;No headings were found on this page.&quot;,&quot;minimized_on&quot;:&quot;desktop&quot;,&quot;headings_by_tags&quot;:[&quot;h2&quot;,&quot;h3&quot;,&quot;h4&quot;,&quot;h5&quot;,&quot;h6&quot;],&quot;marker_view&quot;:&quot;numbers&quot;,&quot;minimize_box&quot;:&quot;yes&quot;,&quot;hierarchical_view&quot;:&quot;yes&quot;,&quot;min_height&quot;:{&quot;unit&quot;:&quot;px&quot;,&quot;size&quot;:&quot;&quot;,&quot;sizes&quot;:[]},&quot;min_height_tablet_extra&quot;:{&quot;unit&quot;:&quot;px&quot;,&quot;size&quot;:&quot;&quot;,&quot;sizes&quot;:[]},&quot;min_height_tablet&quot;:{&quot;unit&quot;:&quot;px&quot;,&quot;size&quot;:&quot;&quot;,&quot;sizes&quot;:[]},&quot;min_height_mobile_extra&quot;:{&quot;unit&quot;:&quot;px&quot;,&quot;size&quot;:&quot;&quot;,&quot;sizes&quot;:[]},&quot;min_height_mobile&quot;:{&quot;unit&quot;:&quot;px&quot;,&quot;size&quot;:&quot;&quot;,&quot;sizes&quot;:[]}}\" data-widget_type=\"table-of-contents.default\">\n\t\t\t\t\t\t\t\t\t<div class=\"elementor-toc__header\">\r\n\t\t\t\t\t\t<h4 class=\"elementor-toc__header-title\">\r\n\t\t\t\tTable of Contents\t\t\t<\/h4>\r\n\t\t\t\t\t\t\t\t\t\t<div class=\"elementor-toc__toggle-button elementor-toc__toggle-button--expand\" role=\"button\" tabindex=\"0\" aria-controls=\"elementor-toc__1592bd5a\" aria-expanded=\"true\" aria-label=\"Open table of contents\"><svg aria-hidden=\"true\" class=\"e-font-icon-svg e-fas-chevron-down\" viewbox=\"0 0 448 512\" xmlns=\"http:\/\/www.w3.org\/2000\/svg\"><path d=\"M207.029 381.476L12.686 187.132c-9.373-9.373-9.373-24.569 0-33.941l22.667-22.667c9.357-9.357 24.522-9.375 33.901-.04L224 284.505l154.745-154.021c9.379-9.335 24.544-9.317 33.901.04l22.667 22.667c9.373 9.373 9.373 24.569 0 33.941L240.971 381.476c-9.373 9.372-24.569 9.372-33.942 0z\"><\/path><\/svg><\/div>\r\n\t\t\t\t<div class=\"elementor-toc__toggle-button elementor-toc__toggle-button--collapse\" role=\"button\" tabindex=\"0\" aria-controls=\"elementor-toc__1592bd5a\" aria-expanded=\"true\" aria-label=\"Close table of contents\"><svg aria-hidden=\"true\" class=\"e-font-icon-svg e-fas-chevron-up\" viewbox=\"0 0 448 512\" xmlns=\"http:\/\/www.w3.org\/2000\/svg\"><path d=\"M240.971 130.524l194.343 194.343c9.373 9.373 9.373 24.569 0 33.941l-22.667 22.667c-9.357 9.357-24.522 9.375-33.901.04L224 227.495 69.255 381.516c-9.379 9.335-24.544 9.317-33.901-.04l-22.667-22.667c-9.373-9.373-9.373-24.569 0-33.941L207.03 130.525c9.372-9.373 24.568-9.373 33.941-.001z\"><\/path><\/svg><\/div>\r\n\t\t\t\t\t<\/div>\r\n\t\t\t\t<div id=\"elementor-toc__1592bd5a\" class=\"elementor-toc__body\">\r\n\t\t\t<div class=\"elementor-toc__spinner-container\">\r\n\t\t\t\t<svg class=\"elementor-toc__spinner eicon-animation-spin e-font-icon-svg e-eicon-loading\" aria-hidden=\"true\" viewbox=\"0 0 1000 1000\" xmlns=\"http:\/\/www.w3.org\/2000\/svg\"><path d=\"M500 975V858C696 858 858 696 858 500S696 142 500 142 142 304 142 500H25C25 237 238 25 500 25S975 237 975 500 763 975 500 975Z\"><\/path><\/svg>\t\t\t<\/div>\r\n\t\t<\/div>\r\n\t\t\t\t\t\t<\/div>\n\t\t\t\t<div class=\"elementor-element elementor-element-37c19bfa elementor-widget elementor-widget-text-editor\" data-id=\"37c19bfa\" data-element_type=\"widget\" data-e-type=\"widget\" data-widget_type=\"text-editor.default\">\n\t\t\t\t\t\t\t\t\t<p>The filler method is a minimally invasive aesthetic application used to define facial contours, eliminate volume loss and reduce fine wrinkles on the skin. Fillers containing natural ingredients such as hyaluronic acid or biological substances such as calcium hydroxyapatite are injected under the skin to provide a younger and more vibrant appearance. You can find the details, usage areas and effects of the filling method, which is frequently preferred in the field of aesthetics, in this article.<\/p><hr \/><h2>What is the Filling Method?<\/h2><p>The filler method is a treatment method performed by injecting biological substances that add volume or structure under the skin. Especially hyaluronic acid-based fillers are preferred to maintain the moisture balance of the skin and increase its elasticity. Filler applications create a rejuvenating effect without disrupting the natural structure of the skin and generally offer aesthetic results without the need for surgical intervention.<\/p><hr \/><h2>How is the Filling Method Applied?<\/h2><ol><li><p><strong>Evaluation and Planning<\/strong><br \/>The specialist doctor evaluates the needs and expectations of the patient and decides which areas will be filled. A planning is made in accordance with the anatomical structure of the facial contours.<\/p><\/li><li><p><strong>Preparation Before Implementation<\/strong><br \/>The area to be filled is cleaned with an antiseptic solution. If needed, local anesthetic creams are used to minimize the discomfort that may occur during the procedure.<\/p><\/li><li><p><strong>Filler Injection<\/strong><br \/>With the help of fine-tipped needles or cannulas, the filler is injected into the target area. The procedure usually takes 20-30 minutes depending on the size of the treated area.<\/p><\/li><li><p><strong>Final Inspection and Maintenance<\/strong><br \/>After the application, the doctor evaluates the results of the filling procedure and makes small touches if necessary. The patient is told what to pay attention to after the procedure.<\/p><\/li><\/ol><hr \/><h2>Usage Areas of Filling Method<\/h2><h3>1. Facial Aesthetics<\/h3><ul><li><strong>Nasolabial Lines (Lines Between Nose and Lip):<\/strong> This softens the appearance of lines.<\/li><li><strong>Cheekbones<\/strong> It adds volume to cheekbones and defines facial contours.<\/li><li><strong>Under Eye Light Filler:<\/strong> Reduces the hollow appearance and bruises under the eyes.<\/li><li><strong>Lip Fillers<\/strong> Provides fuller and symmetrical lips.<\/li><\/ul><h3>2. Body Aesthetics<\/h3><ul><li><strong>Rejuvenation of the Hands:<\/strong> It is used to eliminate the loss of volume in the hands and to alleviate the signs of aging.<\/li><li><strong>Decolletage and Neck Area:<\/strong> Reduces fine lines and refreshes the appearance of the skin.<\/li><\/ul><hr \/><h2>Types of Fillers<\/h2><ol><li><p><strong>Hyaluronic Acid Fillers<\/strong><br \/>Hyaluronic acid, which is found in the natural structure of the skin, is one of the most commonly used substances in filling methods. It provides moisture to the skin, increases elasticity and offers a natural appearance after application.<\/p><\/li><li><p><strong>Calcium Hydroxyapatite Fillers<\/strong><br \/>These types of fillers stimulate the production of collagen under the skin, offering a denser structure. They usually provide longer lasting results.<\/p><\/li><li><p><strong>Polycaprolactone (PCL) Fillers<\/strong><br \/>These fillers, which are used in the treatment of deeper wrinkles, support skin restructuring.<\/p><\/li><\/ol><hr \/><h2>Effects of the Filling Method<\/h2><h3>1. Fast Results<\/h3><p>The effects of the filling procedure usually become visible immediately after the procedure. Edema and mild redness disappear within a few days.<\/p><h3>2. Long-term Persistence<\/h3><p>Depending on the filler used and the skin structure of the person, the results may last from 6 months to 2 years. This period can be extended with regular applications.<\/p><hr \/><h2>Advantages of Filling Application<\/h2><ul><li><strong>Non-Surgical Aesthetics:<\/strong> It provides effective results without the need for surgical intervention.<\/li><li><strong>Personalized Planning:<\/strong> It can be customized according to each individual's needs.<\/li><li><strong>Short Recovery Time:<\/strong> Social life can be resumed immediately after the procedure.<\/li><li><strong>Natural Appearance:<\/strong> It offers a rejuvenating effect without distorting facial contours.<\/li><\/ul><hr \/><h2>Who is it suitable for?<\/h2><p>The filler method is generally suitable for healthy individuals. However, pregnant women, nursing mothers and people with immune system disorders should be evaluated by a doctor before treatment.<\/p><hr \/><h2>Risks and Side Effects<\/h2><p>Filler application is a safe method, but temporary redness, swelling or bruising may occur at the injection sites. In rare cases, allergic reactions may occur. Therefore, it is important that the procedure is performed by an experienced specialist.<\/p><hr \/><p><strong>Conclusion<\/strong><\/p><p>The filler method offers a reliable and effective option in both facial and body aesthetics. It has a popular place among aesthetic applications with natural-looking results and minimal recovery time. A comprehensive evaluation by a specialist doctor before the application is the key to successful and satisfactory results.<\/p>\t\t\t\t\t\t\t\t<\/div>\n\t\t\t\t<\/div>\n\t\t<div class=\"elementor-element elementor-element-638d5df2 e-con-full e-flex e-con e-child\" data-id=\"638d5df2\" data-element_type=\"container\" data-e-type=\"container\">\n\t\t<div class=\"elementor-element elementor-element-5fb4700e e-con-full e-flex e-con e-child\" data-id=\"5fb4700e\" data-element_type=\"container\" data-e-type=\"container\" data-settings=\"{&quot;background_background&quot;:&quot;classic&quot;,&quot;sticky&quot;:&quot;top&quot;,&quot;sticky_offset&quot;:15,&quot;sticky_parent&quot;:&quot;yes&quot;,&quot;sticky_on&quot;:[&quot;desktop&quot;,&quot;tablet_extra&quot;,&quot;tablet&quot;,&quot;mobile_extra&quot;,&quot;mobile&quot;],&quot;sticky_effects_offset&quot;:0,&quot;sticky_anchor_link_offset&quot;:0}\">\n\t\t\t\t<div class=\"elementor-element elementor-element-67bb35ef elementor-widget elementor-widget-heading\" data-id=\"67bb35ef\" data-element_type=\"widget\" data-e-type=\"widget\" data-widget_type=\"heading.default\">\n\t\t\t\t\t<div class=\"elementor-heading-title elementor-size-default\">Free Consultancy<\/div>\t\t\t\t<\/div>\n\t\t\t\t<div class=\"elementor-element elementor-element-22c05452 elementor-widget elementor-widget-heading\" data-id=\"22c05452\" data-element_type=\"widget\" data-e-type=\"widget\" data-widget_type=\"heading.default\">\n\t\t\t\t\t<p class=\"elementor-heading-title elementor-size-default\">Do you want to be treated or do you have something on your mind? Fill out the form and we will call you<\/p>\t\t\t\t<\/div>\n\t\t\t\t<div class=\"elementor-element elementor-element-53412d1f elementor-widget elementor-widget-metform\" data-id=\"53412d1f\" data-element_type=\"widget\" data-e-type=\"widget\" data-settings=\"{&quot;mf_form_multistep_status&quot;:&quot;no&quot;}\" data-widget_type=\"metform.default\">\n\t\t\t\t\t<div id=\"mf-response-props-id-572\" data-previous-steps-style=\"\" data-editswitchopen=\"no\" data-response_type=\"alert\" data-erroricon=\"\" data-successicon=\"\" data-messageposition=\"\" class=\"mf_slide_direction_horizontal no mf-scroll-top-no\">\n\t\t<div class=\"formpicker_warper formpicker_warper_editable\" data-metform-formpicker-key=\"572\" >\n\t\t\t\t\n\t\t\t<div class=\"mf-widget-container\">\n\t\t\t\t\r\n\t\t<div\r\n\t\t\tid=\"metform-wrap-53412d1f-572\"\r\n\t\t\tclass=\"mf-form-wrapper\"\r\n\t\t\tdata-form-id=\"572\"\r\n\t\t\tdata-action=\"https:\/\/cenkgul.com\/en\/wp-json\/metform\/v1\/entries\/insert\/572\"\r\n\t\t\tdata-wp-nonce=\"60940ab152\"\r\n\t\t\tdata-form-nonce=\"2083681fc7\"\r\n\t\t\tdata-quiz-summery = \"false\"\r\n\t\t\tdata-save-progress = \"false\"\r\n\t\t\tdata-form-type=\"general-form\"\r\n\t\t\tdata-stop-vertical-effect=\"\"\r\n\t\t\t><\/div>\r\n\r\n\r\n\t\t<!----------------------------- \r\n\t\t\t* controls_data : find the the props passed indie of data attribute\r\n\t\t\t* props.SubmitResponseMarkup : contains the markup of error or success message\r\n\t\t\t* https:\/\/developer.mozilla.org\/en-US\/docs\/Web\/JavaScript\/Reference\/Template_literals\r\n\t\t--------------------------- -->\r\n\r\n\t\t\t\t<script type=\"text\/mf\" class=\"mf-template\">\r\n\t\t\tfunction controls_data (value){\r\n\t\t\t\tlet currentWrapper = \"mf-response-props-id-572\";\r\n\t\t\t\tlet currentEl = document.getElementById(currentWrapper);\r\n\t\t\t\t\r\n\t\t\t\treturn currentEl ? currentEl.dataset[value] : false\r\n\t\t\t}\r\n\r\n\r\n\t\t\tlet is_edit_mode = '' ? true : false;\r\n\t\t\tlet message_position = controls_data('messageposition') || 'top';\r\n\r\n\t\t\t\r\n\t\t\tlet message_successIcon = controls_data('successicon') || '';\r\n\t\t\tlet message_errorIcon = controls_data('erroricon') || '';\r\n\t\t\tlet message_editSwitch = controls_data('editswitchopen') === 'yes' ? true : false;\r\n\t\t\tlet message_proClass = controls_data('editswitchopen') === 'yes' ? 'mf_pro_activated' : '';\r\n\t\t\t\r\n\t\t\tlet is_dummy_markup = is_edit_mode && message_editSwitch ? true : false;\r\n\r\n\t\t\t\r\n\t\t\treturn html`\r\n\t\t\t\t<form\r\n\t\t\t\t\tclassName=\"metform-form-content\"\r\n\t\t\t\t\tref=${parent.formContainerRef}\r\n\t\t\t\t\tonSubmit=${ validation.handleSubmit( parent.handleFormSubmit ) }\r\n\t\t\t\t\r\n\t\t\t\t\t>\r\n\t\t\t\r\n\t\t\t\r\n\t\t\t\t\t${is_dummy_markup ? message_position === 'top' ?  props.ResponseDummyMarkup(message_successIcon, message_proClass) : '' : ''}\r\n\t\t\t\t\t${is_dummy_markup ? ' ' :  message_position === 'top' ? props.SubmitResponseMarkup`${parent}${state}${message_successIcon}${message_errorIcon}${message_proClass}` : ''}\r\n\r\n\t\t\t\t\t<!--------------------------------------------------------\r\n\t\t\t\t\t*** IMPORTANT \/ DANGEROUS ***\r\n\t\t\t\t\t${html``} must be used as in immediate child of \"metform-form-main-wrapper\"\r\n\t\t\t\t\tclass otherwise multistep form will not run at all\r\n\t\t\t\t\t---------------------------------------------------------->\r\n\r\n\t\t\t\t\t<div className=\"metform-form-main-wrapper\" key=${'hide-form-after-submit'} ref=${parent.formRef}>\r\n\t\t\t\t\t${html`\r\n\t\t\t\t\t\t\t\t<div data-elementor-type=\"wp-post\" key=\"2\" data-elementor-id=\"572\" className=\"elementor elementor-572\" data-elementor-post-type=\"metform-form\">\n\t\t\t\t<div className=\"elementor-element elementor-element-2034011 e-con-full e-flex e-con e-parent\" data-id=\"2034011\" data-element_type=\"container\" data-e-type=\"container\">\n\t\t<div className=\"elementor-element elementor-element-08b75b5 e-grid e-con-full e-con e-child\" data-id=\"08b75b5\" data-element_type=\"container\" data-e-type=\"container\" data-settings=\"{&quot;metform_multistep_settings_icon&quot;:{&quot;value&quot;:&quot;&quot;,&quot;library&quot;:&quot;&quot;}}\">\n\t\t\t\t<div className=\"elementor-element elementor-element-1817106 elementor-widget elementor-widget-mf-listing-fname\" data-id=\"1817106\" data-element_type=\"widget\" data-e-type=\"widget\" data-settings=\"{&quot;mf_input_name&quot;:&quot;mf-listing-fname&quot;,&quot;mf_input_get_params_enable&quot;:&quot;no&quot;}\" data-widget_type=\"mf-listing-fname.default\">\n\t\t\t\t\t\n\t\t<div className=\"mf-input-wrapper\">\n\t\t\t\n\t\t\t<input type=\"text\" className=\"mf-input \" id=\"mf-input-text-1817106\" \n\t\t\t\tname=\"mf-listing-fname\" \n\t\t\t\tplaceholder=\"${ parent.decodeEntities(`\u0130sim &amp; Soyisim`) } \"\n\t\t\t\tonInput=${ parent.handleChange }\n\n\t\t\t\t\t\t\t\t\taria-invalid=${validation.errors['mf-listing-fname'] ? 'true' : 'false'}\n\t\t\t\t\tref=${ el => parent.activateValidation({\"message\":\"Bu alan zorunludur.\",\"minLength\":1,\"maxLength\":\"\",\"type\":\"none\",\"required\":true,\"expression\":\"null\"}, el) }\n\t\t\t\t\t\t\t\/>\n\n\t\t\t\t\t\t\t<${validation.ErrorMessage}\n\t\t\t\t\terrors=${validation.errors}\n\t\t\t\t\tname=\"mf-listing-fname\"\n\t\t\t\t\tas=${html`<span className=\"mf-error-message\"><\/span>`}\n\t\t\t\t\t\/>\n\t\t\t\t\t\t\t\t<\/div>\n\n\t\t\t\t\t\t<\/div>\n\t\t\t\t<div className=\"elementor-element elementor-element-7923f71 elementor-widget elementor-widget-mf-email\" data-id=\"7923f71\" data-element_type=\"widget\" data-e-type=\"widget\" data-settings=\"{&quot;mf_input_name&quot;:&quot;mf-email&quot;,&quot;mf_input_get_params_enable&quot;:&quot;no&quot;}\" data-widget_type=\"mf-email.default\">\n\t\t\t\t\t\r\n\t\t<div className=\"mf-input-wrapper\">\r\n\t\t\t\r\n\t\t\t<input \r\n\t\t\t\ttype=\"email\" \r\n\t\t\t\t \r\n\t\t\t\tdefaultValue=\"\" \r\n\t\t\t\tclassName=\"mf-input \" \r\n\t\t\t\tid=\"mf-input-email-7923f71\" \r\n\t\t\t\tname=\"mf-email\" \r\n\t\t\t\tplaceholder=\"${ parent.decodeEntities(`Email`) } \" \r\n\t\t\t\t \r\n\t\t\t\tonBlur=${parent.handleChange} onFocus=${parent.handleChange} aria-invalid=${validation.errors['mf-email'] ? 'true' : 'false' } \r\n\t\t\t\tref=${el=> parent.activateValidation({\"message\":\"Bu alan zorunludur.\",\"emailMessage\":\"Please enter a valid Email address\",\"minLength\":1,\"maxLength\":\"\",\"type\":\"none\",\"required\":true,\"expression\":\"null\"}, el)}\r\n\t\t\t\t\t\t\t\/>\r\n\r\n\t\t\t\t\t\t<${validation.ErrorMessage} \r\n\t\t\t\terrors=${validation.errors} \r\n\t\t\t\tname=\"mf-email\" \r\n\t\t\t\tas=${html`<span className=\"mf-error-message\"><\/span>`}\r\n\t\t\t\/>\r\n\t\t\t\r\n\t\t\t\t\t<\/div>\r\n\r\n\t\t\t\t<\/div>\n\t\t\t\t<div className=\"elementor-element elementor-element-763cd8c elementor-widget elementor-widget-mf-mobile\" data-id=\"763cd8c\" data-element_type=\"widget\" data-e-type=\"widget\" data-settings=\"{&quot;mf_input_name&quot;:&quot;mf-mobile&quot;}\" data-widget_type=\"mf-mobile.default\">\n\t\t\t\t<div className=\"elementor-widget-container\">\n\t\t\t\t\t\n\t\t\n\t\t<div className=\"mf-input-wrapper\">\n\t\t\t\n\t\t\t<${props.ReactPhoneInput}\n\t\t\t\tinputProps=${{\n\t\t\t\t\tname: \"mf-mobile\"\n\t\t\t\t}}\n\t\t\t\tinputExtraProps=${{\n\t\t\t\t\trequired: true,\n\t\t\t\t\tautoFocus: true,\n\t\t\t\t}}\n\t\t\t\tkey=${parent.state.resetKey}\n\t\t\t\tsearchPlaceholder=\"Search\"\n\t\t\t\tinputClass=\"mf-input mf-input-mobile\"\n\t\t\t\tcountry=\"tr\"\n\t\t\t\tenableSearch=${true}\n\t\t\t\tcountryCodeEditable=${false}\n\t\t\t\tenableAreaCodes=${false}\n\t\t\t\tvalue=${parent.state.mobileWidget[\"mf-mobile\"] ? parent.state.mobileWidget[\"mf-mobile\"] : \n\t\t\t\t(parent.state.formData[\"mf-mobile\"] ? parent.state.formData[\"mf-mobile\"] : '')}\n\t\t\t\t}\n\t\t\t\tname=\"mf-mobile\"\n\t\t\t\tid=\"mf-input-mobile-763cd8c\"\n\t\t\t\tonChange=${(value, country) => {\n\t\t\t\t\treturn parent.handleOnChangePhoneInput(value, \"mf-mobile\", country)\n\t\t\t\t} }\n\t\t\t\tonBlur=${(event, country) => {\n\t\t\t\t\tlet value = event.target.value;\n\t\t\t\t\tif(value){\n\t\t\t\t\t\tvalue = value.replace(\/[^\\d]\/g, '');\n\t\t\t\t\t}\n\t\t\t\t\tparent.handleOnChangePhoneInput(value, \"mf-mobile\", country)\n\t\t\t\t} }\n\t\t\t\t\/>\n\t\t\t\t\t\t\t<input\n\t\t\t\t\ttype=\"hidden\"\n\t\t\t\t\tname=\"mf-mobile\"\n\t\t\t\t\tclassName=\"mf-input mf-mobile-hidden\"\n\t\t\t\t\tstyle=${{ 'display': 'none', }}\n\t\t\t\t\tvalue=${ parent.getValue( 'mf-mobile' ) }\n\t\t\t\t\tref=${ (el) => parent.activateValidation({\"message\":\"Bu alan zorunludur.\",\"minLength\":1,\"maxLength\":\"\",\"type\":\"none\",\"required\":true}, el) }\n\t\t\t\t\t\/>\n\t\t\t\t<${validation.ErrorMessage}\n\t\t\t\t\terrors=${validation.errors}\n\t\t\t\t\tname=\"mf-mobile\"\n\t\t\t\t\tas=${html`<span className=\"mf-error-message\"><\/span>`}\n\t\t\t\t\t\/>\n\t\t\t\t\t\t\n\t\t\t\t\t<\/div>\n\n\t\t\n\t\t\t\t\t\t<\/div>\n\t\t\t\t<\/div>\n\t\t\t\t<div className=\"elementor-element elementor-element-85c1d89 elementor-widget elementor-widget-mf-text\" data-id=\"85c1d89\" data-element_type=\"widget\" data-e-type=\"widget\" data-settings=\"{&quot;mf_input_name&quot;:&quot;mf-text&quot;,&quot;mf_input_get_params_enable&quot;:&quot;no&quot;}\" data-widget_type=\"mf-text.default\">\n\t\t\t\t\t\r\n\t\t<div className=\"mf-input-wrapper\">\r\n\t\t\t\r\n\t\t\t<input\r\n\t\t\t\ttype=\"text\"\r\n\t\t\t\tclassName=\"mf-input \"\r\n\t\t\t\tid=\"mf-input-text-85c1d89\"\r\n\t\t\t\tname=\"mf-text\"\r\n\t\t\t\tplaceholder=\"${ parent.decodeEntities(`Konu`) } \"\r\n\t\t\t\t\t\t\t\t\tonInput=${parent.handleChange}\r\n\t\t\t\t\tonBlur=${parent.handleChange}\r\n\t\t\t\t\taria-invalid=${validation.errors['mf-text'] ? 'true' : 'false'}\r\n\t\t\t\t\tref=${el =>{\r\n\t\t\t\t\t\t\t\t\t\t\t\tparent.activateValidation({\"message\":\"This field is required.\",\"minLength\":1,\"maxLength\":\"\",\"type\":\"none\",\"required\":false,\"expression\":\"null\"}, el)\r\n\t\t\t\t\t}}\r\n\t\t\t\t\t\t\t\t\/>\r\n\r\n\t\t\t\t\t\t\t<${validation.ErrorMessage}\r\n\t\t\t\t\terrors=${validation.errors}\r\n\t\t\t\t\tname=\"mf-text\"\r\n\t\t\t\t\tas=${html`<span className=\"mf-error-message\"><\/span>`}\r\n\t\t\t\t\t\/>\r\n\t\t\t\r\n\t\t\t\t\t<\/div>\r\n\r\n\t\t\t\t\t\t<\/div>\n\t\t\t\t<div className=\"elementor-element elementor-element-275598c elementor-widget elementor-widget-mf-textarea\" data-id=\"275598c\" data-element_type=\"widget\" data-e-type=\"widget\" data-settings=\"{&quot;mf_input_name&quot;:&quot;mf-textarea&quot;,&quot;mf_input_get_params_enable&quot;:&quot;no&quot;}\" data-widget_type=\"mf-textarea.default\">\n\t\t\t\t\t\r\n\t\t<div className=\"mf-input-wrapper\">\r\n\t\t\t\r\n\t\t\t<textarea className=\"mf-input mf-textarea \" id=\"mf-input-text-area-275598c\"\r\n\t\t\t\tname=\"mf-textarea\" \r\n\t\t\t\tplaceholder=\"${ parent.decodeEntities(`Mesaj\u0131n\u0131z`) } \"\r\n\t\t\t\tcols=\"30\" rows=\"10\"\r\n\t\t\t\t\t\t\t\t\tonInput=${ parent.handleChange }\r\n\t\t\t\t\taria-invalid=${validation.errors['mf-textarea'] ? 'true' : 'false'}\r\n\t\t\t\t\tref=${ el => parent.activateValidation({\"message\":\"This field is required.\",\"minLength\":1,\"maxLength\":\"\",\"type\":\"none\",\"required\":false,\"expression\":\"null\"}, el)}\r\n\t\t\t\t\t\t\t\t><\/textarea>\r\n\r\n\t\t\t\t\t\t\t<${validation.ErrorMessage}\r\n\t\t\t\t\terrors=${validation.errors}\r\n\t\t\t\t\tname=\"mf-textarea\"\r\n\t\t\t\t\tas=${html`<span className=\"mf-error-message\"><\/span>`}\r\n\t\t\t\t\t\/>\r\n\t\t\t\t\t\t\t\t<\/div>\r\n\r\n\t\t\t\t\t\t<\/div>\n\t\t\t\t<div className=\"elementor-element elementor-element-bc86632 mf-btn--left elementor-widget elementor-widget-mf-button\" data-id=\"bc86632\" data-element_type=\"widget\" data-e-type=\"widget\" data-widget_type=\"mf-button.default\">\n\t\t\t\t\t\t\t<div className=\"mf-btn-wraper \" data-mf-form-conditional-logic-requirement=\"\">\r\n\t\t\t\t\t\t\t<button type=\"submit\" className=\"metform-btn metform-submit-btn \" id=\"\">\r\n\t\t\t\t\t<span>${ parent.decodeEntities(`G\u00f6nder`) } <\/span>\r\n\t\t\t\t<\/button>\r\n\t\t\t        <\/div>\r\n        \t\t\t\t<\/div>\n\t\t\t\t<\/div>\n\t\t\t\t<\/div>\n\t\t\t\t<\/div>\n\t\t\t\t\t\t\t`}\r\n\t\t\t\t\t<\/div>\r\n\r\n\t\t\t\t\t${is_dummy_markup ? message_position === 'bottom' ? props.ResponseDummyMarkup(message_successIcon, message_proClass) : '' : ''}\r\n\t\t\t\t\t${is_dummy_markup ? ' ' : message_position === 'bottom' ? props.SubmitResponseMarkup`${parent}${state}${message_successIcon}${message_errorIcon}${message_proClass}` : ''}\r\n\t\t\t\t\r\n\t\t\t\t<\/form>\r\n\t\t\t`\r\n\t\t<\/script>\r\n\r\n\t\t\t\t\t<\/div>\n\t\t<\/div>\n\t\t<\/div>\t\t\t\t<\/div>\n\t\t\t\t<\/div>\n\t\t\t\t<\/div>\n\t\t\t\t\t<\/div>\n\t\t\t\t<\/div>\n\t\t\t\t<\/div>","protected":false},"excerpt":{"rendered":"<p>\u0130\u00e7indekiler Dolgu y\u00f6ntemi, y\u00fcz hatlar\u0131n\u0131 belirginle\u015ftirmek, hacim kayb\u0131n\u0131 gidermek ve ciltteki ince k\u0131r\u0131\u015f\u0131kl\u0131klar\u0131 azaltmak amac\u0131yla kullan\u0131lan minimal invaziv bir estetik uygulamad\u0131r. Hyaluronik asit gibi do\u011fal i\u00e7erikler veya kalsiyum hidroksiapatit gibi biyolojik maddeler i\u00e7eren dolgu maddeleri, cilt alt\u0131na enjekte edilerek daha gen\u00e7 ve canl\u0131 bir g\u00f6r\u00fcn\u00fcm sa\u011flar. Estetik alan\u0131nda s\u0131k\u00e7a tercih edilen dolgu y\u00f6nteminin detaylar\u0131n\u0131, kullan\u0131m [&hellip;]<\/p>","protected":false},"author":1,"featured_media":1030,"parent":725,"menu_order":0,"comment_status":"closed","ping_status":"closed","template":"","meta":{"_seopress_robots_primary_cat":"","_seopress_titles_title":"Dolgu Uygulamalar\u0131: Dudak, Yanak ve G\u00f6z Alt\u0131 Dolgusu Hakk\u0131nda Her \u015eey","_seopress_titles_desc":"","_seopress_robots_index":"","footnotes":""},"class_list":["post-1026","page","type-page","status-publish","has-post-thumbnail","hentry"],"_links":{"self":[{"href":"https:\/\/cenkgul.com\/en\/wp-json\/wp\/v2\/pages\/1026","targetHints":{"allow":["GET"]}}],"collection":[{"href":"https:\/\/cenkgul.com\/en\/wp-json\/wp\/v2\/pages"}],"about":[{"href":"https:\/\/cenkgul.com\/en\/wp-json\/wp\/v2\/types\/page"}],"author":[{"embeddable":true,"href":"https:\/\/cenkgul.com\/en\/wp-json\/wp\/v2\/users\/1"}],"replies":[{"embeddable":true,"href":"https:\/\/cenkgul.com\/en\/wp-json\/wp\/v2\/comments?post=1026"}],"version-history":[{"count":0,"href":"https:\/\/cenkgul.com\/en\/wp-json\/wp\/v2\/pages\/1026\/revisions"}],"up":[{"embeddable":true,"href":"https:\/\/cenkgul.com\/en\/wp-json\/wp\/v2\/pages\/725"}],"wp:featuredmedia":[{"embeddable":true,"href":"https:\/\/cenkgul.com\/en\/wp-json\/wp\/v2\/media\/1030"}],"wp:attachment":[{"href":"https:\/\/cenkgul.com\/en\/wp-json\/wp\/v2\/media?parent=1026"}],"curies":[{"name":"wp","href":"https:\/\/api.w.org\/{rel}","templated":true}]}}