{"id":854,"date":"2024-12-23T00:20:08","date_gmt":"2024-12-23T00:20:08","guid":{"rendered":"https:\/\/cenkgul.com\/?page_id=854"},"modified":"2025-03-14T03:18:20","modified_gmt":"2025-03-14T03:18:20","slug":"gesichtsstraffung","status":"publish","type":"page","link":"https:\/\/cenkgul.com\/de\/dienstleistungen\/gesichtsstraffung\/","title":{"rendered":"Gesichtsstraffung"},"content":{"rendered":"<div data-elementor-type=\"wp-page\" data-elementor-id=\"854\" class=\"elementor elementor-854\" data-elementor-post-type=\"page\">\n\t\t\t\t<div class=\"elementor-element elementor-element-5ea021df e-flex e-con-boxed e-con e-parent\" data-id=\"5ea021df\" data-element_type=\"container\" data-e-type=\"container\" data-settings=\"{&quot;background_background&quot;:&quot;classic&quot;}\">\n\t\t\t\t\t<div class=\"e-con-inner\">\n\t\t\t\t<div class=\"elementor-element elementor-element-346213d6 elementor-widget elementor-widget-heading\" data-id=\"346213d6\" data-element_type=\"widget\" data-e-type=\"widget\" data-widget_type=\"heading.default\">\n\t\t\t\t\t<h1 class=\"elementor-heading-title elementor-size-default\">Gesichtsstraffung<\/h1>\t\t\t\t<\/div>\n\t\t\t\t\t<\/div>\n\t\t\t\t<\/div>\n\t\t<div class=\"elementor-element elementor-element-f18d970 e-flex e-con-boxed e-con e-parent\" data-id=\"f18d970\" data-element_type=\"container\" data-e-type=\"container\">\n\t\t\t\t\t<div class=\"e-con-inner\">\n\t\t<div class=\"elementor-element elementor-element-7c804b95 e-con-full e-flex e-con e-child\" data-id=\"7c804b95\" data-element_type=\"container\" data-e-type=\"container\">\n\t\t\t\t<div class=\"elementor-element elementor-element-6052a920 elementor-toc--minimized-on-desktop elementor-widget elementor-widget-table-of-contents\" data-id=\"6052a920\" data-element_type=\"widget\" data-e-type=\"widget\" data-settings=\"{&quot;exclude_headings_by_selector&quot;:[],&quot;no_headings_message&quot;:&quot;No headings were found on this page.&quot;,&quot;minimized_on&quot;:&quot;desktop&quot;,&quot;headings_by_tags&quot;:[&quot;h2&quot;,&quot;h3&quot;,&quot;h4&quot;,&quot;h5&quot;,&quot;h6&quot;],&quot;marker_view&quot;:&quot;numbers&quot;,&quot;minimize_box&quot;:&quot;yes&quot;,&quot;hierarchical_view&quot;:&quot;yes&quot;,&quot;min_height&quot;:{&quot;unit&quot;:&quot;px&quot;,&quot;size&quot;:&quot;&quot;,&quot;sizes&quot;:[]},&quot;min_height_tablet_extra&quot;:{&quot;unit&quot;:&quot;px&quot;,&quot;size&quot;:&quot;&quot;,&quot;sizes&quot;:[]},&quot;min_height_tablet&quot;:{&quot;unit&quot;:&quot;px&quot;,&quot;size&quot;:&quot;&quot;,&quot;sizes&quot;:[]},&quot;min_height_mobile_extra&quot;:{&quot;unit&quot;:&quot;px&quot;,&quot;size&quot;:&quot;&quot;,&quot;sizes&quot;:[]},&quot;min_height_mobile&quot;:{&quot;unit&quot;:&quot;px&quot;,&quot;size&quot;:&quot;&quot;,&quot;sizes&quot;:[]}}\" data-widget_type=\"table-of-contents.default\">\n\t\t\t\t\t\t\t\t\t<div class=\"elementor-toc__header\">\r\n\t\t\t\t\t\t<h4 class=\"elementor-toc__header-title\">\r\n\t\t\t\tInhalt\t\t\t<\/h4>\r\n\t\t\t\t\t\t\t\t\t\t<div class=\"elementor-toc__toggle-button elementor-toc__toggle-button--expand\" role=\"button\" tabindex=\"0\" aria-controls=\"elementor-toc__6052a920\" aria-expanded=\"true\" aria-label=\"Open table of contents\" data-no-translation-aria-label=\"\"><svg aria-hidden=\"true\" class=\"e-font-icon-svg e-fas-chevron-down\" viewbox=\"0 0 448 512\" xmlns=\"http:\/\/www.w3.org\/2000\/svg\"><path d=\"M207.029 381.476L12.686 187.132c-9.373-9.373-9.373-24.569 0-33.941l22.667-22.667c9.357-9.357 24.522-9.375 33.901-.04L224 284.505l154.745-154.021c9.379-9.335 24.544-9.317 33.901.04l22.667 22.667c9.373 9.373 9.373 24.569 0 33.941L240.971 381.476c-9.373 9.372-24.569 9.372-33.942 0z\"><\/path><\/svg><\/div>\r\n\t\t\t\t<div class=\"elementor-toc__toggle-button elementor-toc__toggle-button--collapse\" role=\"button\" tabindex=\"0\" aria-controls=\"elementor-toc__6052a920\" aria-expanded=\"true\" aria-label=\"Close table of contents\" data-no-translation-aria-label=\"\"><svg aria-hidden=\"true\" class=\"e-font-icon-svg e-fas-chevron-up\" viewbox=\"0 0 448 512\" xmlns=\"http:\/\/www.w3.org\/2000\/svg\"><path d=\"M240.971 130.524l194.343 194.343c9.373 9.373 9.373 24.569 0 33.941l-22.667 22.667c-9.357 9.357-24.522 9.375-33.901.04L224 227.495 69.255 381.516c-9.379 9.335-24.544 9.317-33.901-.04l-22.667-22.667c-9.373-9.373-9.373-24.569 0-33.941L207.03 130.525c9.372-9.373 24.568-9.373 33.941-.001z\"><\/path><\/svg><\/div>\r\n\t\t\t\t\t<\/div>\r\n\t\t\t\t<div id=\"elementor-toc__6052a920\" class=\"elementor-toc__body\">\r\n\t\t\t<div class=\"elementor-toc__spinner-container\">\r\n\t\t\t\t<svg class=\"elementor-toc__spinner eicon-animation-spin e-font-icon-svg e-eicon-loading\" aria-hidden=\"true\" viewbox=\"0 0 1000 1000\" xmlns=\"http:\/\/www.w3.org\/2000\/svg\"><path d=\"M500 975V858C696 858 858 696 858 500S696 142 500 142 142 304 142 500H25C25 237 238 25 500 25S975 237 975 500 763 975 500 975Z\"><\/path><\/svg>\t\t\t<\/div>\r\n\t\t<\/div>\r\n\t\t\t\t\t\t<\/div>\n\t\t\t\t<div class=\"elementor-element elementor-element-80e8db1 elementor-widget elementor-widget-text-editor\" data-id=\"80e8db1\" data-element_type=\"widget\" data-e-type=\"widget\" data-widget_type=\"text-editor.default\">\n\t\t\t\t\t\t\t\t\t<p>Die Anzeichen des Alterns \u00e4u\u00dfern sich im Laufe der Zeit in einer Erschlaffung des Gesichts, einem Elastizit\u00e4tsverlust und feinen Linien. Heute ist die Fadenlifting-Behandlung (Thread Face Lift), die als Alternative zu chirurgischen Eingriffen entwickelt wurde, zu einer beliebten Option f\u00fcr diejenigen geworden, die ihr Gesicht verj\u00fcngen und straffen m\u00f6chten. In diesem Artikel finden Sie ausf\u00fchrliche Informationen dar\u00fcber, was eine Fadenlifting-Behandlung ist, wie sie angewendet wird, welche Auswirkungen sie hat und welche Vorteile sie bietet.<\/p><hr \/><h2>Was ist eine Fadenlifting-Behandlung?<\/h2><p>Die Fadenlift-Behandlung ist eine minimalinvasive \u00e4sthetische Anwendung, die Erschlaffungs- und Lockerungsprobleme im Gesichts- und Halsbereich beseitigt. Bei dieser Behandlung werden speziell entwickelte biokompatible F\u00e4den unter die Haut gelegt. Diese F\u00e4den sorgen f\u00fcr ein strafferes und j\u00fcngeres Aussehen, indem sie das Gewebe in der Haut anheben. Gleichzeitig sorgen sie f\u00fcr eine langfristige Regeneration, indem sie die Kollagenproduktion im Unterhautgewebe anregen.<\/p><hr \/><h2>Wie wird die Fadenlifting-Behandlung durchgef\u00fchrt?<\/h2><p>Die Behandlung ist ein sicheres Verfahren, das unter lokaler An\u00e4sthesie durchgef\u00fchrt wird und in der Regel 30-60 Minuten dauert. Die einzelnen Schritte des Verfahrens laufen wie folgt ab:<\/p><ol><li><strong>Bewertung und Planung<\/strong><br \/>Der Arzt beurteilt die Gesichtsanatomie des Patienten und erstellt den Behandlungsplan. Die Behandlung wird in der Regel an Bereichen wie Wangen, Kiefer, Augenbrauen und Hals durchgef\u00fchrt.<\/li><li><strong>Platzierung der F\u00e4den<\/strong><br \/>Spezielle biokompatible und schmelzbare F\u00e4den werden mit feinen Nadeln oder Kan\u00fclen unter die Haut eingef\u00fchrt. Die F\u00e4den werden in bestimmte Richtungen gezogen, um die Haut zu straffen und zu st\u00fctzen.<\/li><li><strong>Einziehungsprozess<\/strong><br \/>Die F\u00e4den l\u00f6sen sich auf nat\u00fcrliche Weise unter der Haut auf, erh\u00f6hen die Kollagenproduktion und sorgen f\u00fcr eine langfristige Straffung. Nach dem Eingriff kann der Patient schnell wieder in den Alltag zur\u00fcckkehren.<\/li><\/ol><hr \/><h2>In welchen Bereichen wird es eingesetzt?<\/h2><p>Die Fadenlifting-Behandlung bietet L\u00f6sungen f\u00fcr verschiedene Probleme im Gesichts- und Halsbereich:<\/p><ul><li>Definieren der Kieferlinie<\/li><li>Anheben der Wangen<\/li><li>Augenbrauenlifting<\/li><li>Beseitigung der Erschlaffung im Halsbereich<\/li><li>Verringerung feiner Linien<\/li><\/ul><hr \/><h2>Was sind die Auswirkungen einer Fadenlifting-Behandlung?<\/h2><p>Thread Lift bietet sowohl sofortige als auch langfristige Ergebnisse:<\/p><ul><li><strong>Schnelle Wirkung:<\/strong> Durch die Platzierung der F\u00e4den wird eine deutliche Verj\u00fcngung der Gesichtskonturen erzielt.<\/li><li><strong>Kollagenproduktion:<\/strong> Da sich die F\u00e4den mit der Zeit aufl\u00f6sen, erh\u00f6hen sie die Elastizit\u00e4t der Haut, indem sie die Kollagenproduktion im Unterhautgewebe anregen.<\/li><li><strong>Langfristige Ergebnisse:<\/strong> Die Wirkung der Behandlung h\u00e4lt zwischen 12 und 18 Monaten an.<\/li><\/ul><hr \/><h2>Vorteile der Fadenlifting-Behandlung<\/h2><ol><li><strong>Alternative zum chirurgischen Eingriff<\/strong><br \/>Im Vergleich zu chirurgischen Facelifting-Eingriffen ist sie weniger invasiv und die Erholungszeit ist kurz.<\/li><li><strong>Nat\u00fcrliche Folgen<\/strong><br \/>Die F\u00e4den formen die Gesichtskonturen auf nat\u00fcrliche Weise, und ein zu straffes Aussehen wird vermieden.<\/li><li><strong>Schnelle Erholung<\/strong><br \/>Au\u00dfer leichten Schwellungen und Bluterg\u00fcssen nach dem Eingriff ist kein ernsthafter Heilungsprozess erforderlich.<\/li><li><strong>Vielseitigkeit<\/strong><br \/>Sie kann an verschiedenen Gesichtspartien angewendet werden und l\u00e4sst sich mit anderen \u00e4sthetischen Behandlungen kombinieren.<\/li><\/ol><hr \/><h2>F\u00fcr wen ist es geeignet?<\/h2><p>Die Fadenlifting-Behandlung ist im Allgemeinen f\u00fcr Personen zwischen 30 und 60 Jahren geeignet, die keinen chirurgischen Eingriff w\u00fcnschen, sondern eine Verj\u00fcngung und Straffung des Gesichts anstreben. Diese Behandlung wird jedoch nicht f\u00fcr schwangere Frauen, stillende M\u00fctter und Personen mit einigen chronischen Erkrankungen empfohlen.<\/p><hr \/><h2>Risiken und Nebenwirkungen<\/h2><p>Obwohl es sich bei der Fadenlifting-Behandlung um eine sichere Methode handelt, k\u00f6nnen, wie bei jedem medizinischen Verfahren, einige Nebenwirkungen auftreten:<\/p><ul><li>Leichte Schwellungen und Bluterg\u00fcsse<\/li><li>Empfindlichkeit<\/li><li>In seltenen F\u00e4llen besteht Infektionsgefahr<\/li><\/ul><p>Diese Nebenwirkungen verschwinden in der Regel in kurzer Zeit und bleiben bei richtiger Anwendung minimal.<\/p><hr \/><p><strong>Schlussfolgerung<\/strong><\/p><p>Die Fadenlifting-Behandlung ist eine wirksame Option f\u00fcr diejenigen, die ihr Gesicht verj\u00fcngen und straffen m\u00f6chten, ohne einen chirurgischen Eingriff vornehmen zu m\u00fcssen. Sie zeichnet sich unter den modernen Ans\u00e4tzen im \u00e4sthetischen Bereich durch ihre langfristigen, nat\u00fcrlichen Ergebnisse und die kurze Erholungszeit aus. Es ist wichtig, sich vor Beginn der Behandlung von einem Facharzt ausf\u00fchrlich untersuchen zu lassen.<\/p>\t\t\t\t\t\t\t\t<\/div>\n\t\t\t\t<\/div>\n\t\t<div class=\"elementor-element elementor-element-176de844 e-con-full e-flex e-con e-child\" data-id=\"176de844\" data-element_type=\"container\" data-e-type=\"container\">\n\t\t<div class=\"elementor-element elementor-element-65244086 e-con-full e-flex e-con e-child\" data-id=\"65244086\" data-element_type=\"container\" data-e-type=\"container\" data-settings=\"{&quot;background_background&quot;:&quot;classic&quot;,&quot;sticky&quot;:&quot;top&quot;,&quot;sticky_offset&quot;:15,&quot;sticky_parent&quot;:&quot;yes&quot;,&quot;sticky_on&quot;:[&quot;desktop&quot;,&quot;tablet_extra&quot;,&quot;tablet&quot;,&quot;mobile_extra&quot;,&quot;mobile&quot;],&quot;sticky_effects_offset&quot;:0,&quot;sticky_anchor_link_offset&quot;:0}\">\n\t\t\t\t<div class=\"elementor-element elementor-element-73d072d2 elementor-widget elementor-widget-heading\" data-id=\"73d072d2\" data-element_type=\"widget\" data-e-type=\"widget\" data-widget_type=\"heading.default\">\n\t\t\t\t\t<div class=\"elementor-heading-title elementor-size-default\">Kostenlose Beratung<\/div>\t\t\t\t<\/div>\n\t\t\t\t<div class=\"elementor-element elementor-element-18b9536d elementor-widget elementor-widget-heading\" data-id=\"18b9536d\" data-element_type=\"widget\" data-e-type=\"widget\" data-widget_type=\"heading.default\">\n\t\t\t\t\t<p class=\"elementor-heading-title elementor-size-default\">M\u00f6chten Sie behandelt werden oder haben Sie etwas auf dem Herzen? F\u00fcllen Sie das Formular aus und wir werden Sie anrufen<\/p>\t\t\t\t<\/div>\n\t\t\t\t<div class=\"elementor-element elementor-element-5ab65eae elementor-widget elementor-widget-metform\" data-id=\"5ab65eae\" data-element_type=\"widget\" data-e-type=\"widget\" data-settings=\"{&quot;mf_form_multistep_status&quot;:&quot;no&quot;}\" data-widget_type=\"metform.default\">\n\t\t\t\t\t<div id=\"mf-response-props-id-572\" data-previous-steps-style=\"\" data-editswitchopen=\"no\" data-response_type=\"alert\" data-erroricon=\"\" data-successicon=\"\" data-messageposition=\"\" class=\"mf_slide_direction_horizontal no mf-scroll-top-no\">\n\t\t<div class=\"formpicker_warper formpicker_warper_editable\" data-metform-formpicker-key=\"572\" >\n\t\t\t\t\n\t\t\t<div class=\"mf-widget-container\">\n\t\t\t\t\r\n\t\t<div\r\n\t\t\tid=\"metform-wrap-5ab65eae-572\"\r\n\t\t\tclass=\"mf-form-wrapper\"\r\n\t\t\tdata-form-id=\"572\"\r\n\t\t\tdata-action=\"https:\/\/cenkgul.com\/de\/wp-json\/metform\/v1\/entries\/insert\/572\"\r\n\t\t\tdata-wp-nonce=\"60940ab152\"\r\n\t\t\tdata-form-nonce=\"2083681fc7\"\r\n\t\t\tdata-quiz-summery = \"false\"\r\n\t\t\tdata-save-progress = \"false\"\r\n\t\t\tdata-form-type=\"general-form\"\r\n\t\t\tdata-stop-vertical-effect=\"\"\r\n\t\t\t><\/div>\r\n\r\n\r\n\t\t<!----------------------------- \r\n\t\t\t* controls_data : find the the props passed indie of data attribute\r\n\t\t\t* props.SubmitResponseMarkup : contains the markup of error or success message\r\n\t\t\t* https:\/\/developer.mozilla.org\/en-US\/docs\/Web\/JavaScript\/Reference\/Template_literals\r\n\t\t--------------------------- -->\r\n\r\n\t\t\t\t<script type=\"text\/mf\" class=\"mf-template\">\r\n\t\t\tfunction controls_data (value){\r\n\t\t\t\tlet currentWrapper = \"mf-response-props-id-572\";\r\n\t\t\t\tlet currentEl = document.getElementById(currentWrapper);\r\n\t\t\t\t\r\n\t\t\t\treturn currentEl ? currentEl.dataset[value] : false\r\n\t\t\t}\r\n\r\n\r\n\t\t\tlet is_edit_mode = '' ? true : false;\r\n\t\t\tlet message_position = controls_data('messageposition') || 'top';\r\n\r\n\t\t\t\r\n\t\t\tlet message_successIcon = controls_data('successicon') || '';\r\n\t\t\tlet message_errorIcon = controls_data('erroricon') || '';\r\n\t\t\tlet message_editSwitch = controls_data('editswitchopen') === 'yes' ? true : false;\r\n\t\t\tlet message_proClass = controls_data('editswitchopen') === 'yes' ? 'mf_pro_activated' : '';\r\n\t\t\t\r\n\t\t\tlet is_dummy_markup = is_edit_mode && message_editSwitch ? true : false;\r\n\r\n\t\t\t\r\n\t\t\treturn html`\r\n\t\t\t\t<form\r\n\t\t\t\t\tclassName=\"metform-form-content\"\r\n\t\t\t\t\tref=${parent.formContainerRef}\r\n\t\t\t\t\tonSubmit=${ validation.handleSubmit( parent.handleFormSubmit ) }\r\n\t\t\t\t\r\n\t\t\t\t\t>\r\n\t\t\t\r\n\t\t\t\r\n\t\t\t\t\t${is_dummy_markup ? message_position === 'top' ?  props.ResponseDummyMarkup(message_successIcon, message_proClass) : '' : ''}\r\n\t\t\t\t\t${is_dummy_markup ? ' ' :  message_position === 'top' ? props.SubmitResponseMarkup`${parent}${state}${message_successIcon}${message_errorIcon}${message_proClass}` : ''}\r\n\r\n\t\t\t\t\t<!--------------------------------------------------------\r\n\t\t\t\t\t*** IMPORTANT \/ DANGEROUS ***\r\n\t\t\t\t\t${html``} must be used as in immediate child of \"metform-form-main-wrapper\"\r\n\t\t\t\t\tclass otherwise multistep form will not run at all\r\n\t\t\t\t\t---------------------------------------------------------->\r\n\r\n\t\t\t\t\t<div className=\"metform-form-main-wrapper\" key=${'hide-form-after-submit'} ref=${parent.formRef}>\r\n\t\t\t\t\t${html`\r\n\t\t\t\t\t\t\t\t<div data-elementor-type=\"wp-post\" key=\"2\" data-elementor-id=\"572\" className=\"elementor elementor-572\" data-elementor-post-type=\"metform-form\">\n\t\t\t\t<div className=\"elementor-element elementor-element-2034011 e-con-full e-flex e-con e-parent\" data-id=\"2034011\" data-element_type=\"container\" data-e-type=\"container\">\n\t\t<div className=\"elementor-element elementor-element-08b75b5 e-grid e-con-full e-con e-child\" data-id=\"08b75b5\" data-element_type=\"container\" data-e-type=\"container\" data-settings=\"{&quot;metform_multistep_settings_icon&quot;:{&quot;value&quot;:&quot;&quot;,&quot;library&quot;:&quot;&quot;}}\">\n\t\t\t\t<div className=\"elementor-element elementor-element-1817106 elementor-widget elementor-widget-mf-listing-fname\" data-id=\"1817106\" data-element_type=\"widget\" data-e-type=\"widget\" data-settings=\"{&quot;mf_input_name&quot;:&quot;mf-listing-fname&quot;,&quot;mf_input_get_params_enable&quot;:&quot;no&quot;}\" data-widget_type=\"mf-listing-fname.default\">\n\t\t\t\t\t\n\t\t<div className=\"mf-input-wrapper\">\n\t\t\t\n\t\t\t<input type=\"text\" className=\"mf-input \" id=\"mf-input-text-1817106\" \n\t\t\t\tname=\"mf-listing-fname\" \n\t\t\t\tplaceholder=\"${ parent.decodeEntities(`\u0130sim &amp; Soyisim`) } \"\n\t\t\t\tonInput=${ parent.handleChange }\n\n\t\t\t\t\t\t\t\t\taria-invalid=${validation.errors['mf-listing-fname'] ? 'true' : 'false'}\n\t\t\t\t\tref=${ el => parent.activateValidation({\"message\":\"Bu alan zorunludur.\",\"minLength\":1,\"maxLength\":\"\",\"type\":\"none\",\"required\":true,\"expression\":\"null\"}, el) }\n\t\t\t\t\t\t\t\/>\n\n\t\t\t\t\t\t\t<${validation.ErrorMessage}\n\t\t\t\t\terrors=${validation.errors}\n\t\t\t\t\tname=\"mf-listing-fname\"\n\t\t\t\t\tas=${html`<span className=\"mf-error-message\"><\/span>`}\n\t\t\t\t\t\/>\n\t\t\t\t\t\t\t\t<\/div>\n\n\t\t\t\t\t\t<\/div>\n\t\t\t\t<div className=\"elementor-element elementor-element-7923f71 elementor-widget elementor-widget-mf-email\" data-id=\"7923f71\" data-element_type=\"widget\" data-e-type=\"widget\" data-settings=\"{&quot;mf_input_name&quot;:&quot;mf-email&quot;,&quot;mf_input_get_params_enable&quot;:&quot;no&quot;}\" data-widget_type=\"mf-email.default\">\n\t\t\t\t\t\r\n\t\t<div className=\"mf-input-wrapper\">\r\n\t\t\t\r\n\t\t\t<input \r\n\t\t\t\ttype=\"email\" \r\n\t\t\t\t \r\n\t\t\t\tdefaultValue=\"\" \r\n\t\t\t\tclassName=\"mf-input \" \r\n\t\t\t\tid=\"mf-input-email-7923f71\" \r\n\t\t\t\tname=\"mf-email\" \r\n\t\t\t\tplaceholder=\"${ parent.decodeEntities(`Email`) } \" \r\n\t\t\t\t \r\n\t\t\t\tonBlur=${parent.handleChange} onFocus=${parent.handleChange} aria-invalid=${validation.errors['mf-email'] ? 'true' : 'false' } \r\n\t\t\t\tref=${el=> parent.activateValidation({\"message\":\"Bu alan zorunludur.\",\"emailMessage\":\"Please enter a valid Email address\",\"minLength\":1,\"maxLength\":\"\",\"type\":\"none\",\"required\":true,\"expression\":\"null\"}, el)}\r\n\t\t\t\t\t\t\t\/>\r\n\r\n\t\t\t\t\t\t<${validation.ErrorMessage} \r\n\t\t\t\terrors=${validation.errors} \r\n\t\t\t\tname=\"mf-email\" \r\n\t\t\t\tas=${html`<span className=\"mf-error-message\"><\/span>`}\r\n\t\t\t\/>\r\n\t\t\t\r\n\t\t\t\t\t<\/div>\r\n\r\n\t\t\t\t<\/div>\n\t\t\t\t<div className=\"elementor-element elementor-element-763cd8c elementor-widget elementor-widget-mf-mobile\" data-id=\"763cd8c\" data-element_type=\"widget\" data-e-type=\"widget\" data-settings=\"{&quot;mf_input_name&quot;:&quot;mf-mobile&quot;}\" data-widget_type=\"mf-mobile.default\">\n\t\t\t\t<div className=\"elementor-widget-container\">\n\t\t\t\t\t\n\t\t\n\t\t<div className=\"mf-input-wrapper\">\n\t\t\t\n\t\t\t<${props.ReactPhoneInput}\n\t\t\t\tinputProps=${{\n\t\t\t\t\tname: \"mf-mobile\"\n\t\t\t\t}}\n\t\t\t\tinputExtraProps=${{\n\t\t\t\t\trequired: true,\n\t\t\t\t\tautoFocus: true,\n\t\t\t\t}}\n\t\t\t\tkey=${parent.state.resetKey}\n\t\t\t\tsearchPlaceholder=\"Search\"\n\t\t\t\tinputClass=\"mf-input mf-input-mobile\"\n\t\t\t\tcountry=\"tr\"\n\t\t\t\tenableSearch=${true}\n\t\t\t\tcountryCodeEditable=${false}\n\t\t\t\tenableAreaCodes=${false}\n\t\t\t\tvalue=${parent.state.mobileWidget[\"mf-mobile\"] ? parent.state.mobileWidget[\"mf-mobile\"] : \n\t\t\t\t(parent.state.formData[\"mf-mobile\"] ? parent.state.formData[\"mf-mobile\"] : '')}\n\t\t\t\t}\n\t\t\t\tname=\"mf-mobile\"\n\t\t\t\tid=\"mf-input-mobile-763cd8c\"\n\t\t\t\tonChange=${(value, country) => {\n\t\t\t\t\treturn parent.handleOnChangePhoneInput(value, \"mf-mobile\", country)\n\t\t\t\t} }\n\t\t\t\tonBlur=${(event, country) => {\n\t\t\t\t\tlet value = event.target.value;\n\t\t\t\t\tif(value){\n\t\t\t\t\t\tvalue = value.replace(\/[^\\d]\/g, '');\n\t\t\t\t\t}\n\t\t\t\t\tparent.handleOnChangePhoneInput(value, \"mf-mobile\", country)\n\t\t\t\t} }\n\t\t\t\t\/>\n\t\t\t\t\t\t\t<input\n\t\t\t\t\ttype=\"hidden\"\n\t\t\t\t\tname=\"mf-mobile\"\n\t\t\t\t\tclassName=\"mf-input mf-mobile-hidden\"\n\t\t\t\t\tstyle=${{ 'display': 'none', }}\n\t\t\t\t\tvalue=${ parent.getValue( 'mf-mobile' ) }\n\t\t\t\t\tref=${ (el) => parent.activateValidation({\"message\":\"Bu alan zorunludur.\",\"minLength\":1,\"maxLength\":\"\",\"type\":\"none\",\"required\":true}, el) }\n\t\t\t\t\t\/>\n\t\t\t\t<${validation.ErrorMessage}\n\t\t\t\t\terrors=${validation.errors}\n\t\t\t\t\tname=\"mf-mobile\"\n\t\t\t\t\tas=${html`<span className=\"mf-error-message\"><\/span>`}\n\t\t\t\t\t\/>\n\t\t\t\t\t\t\n\t\t\t\t\t<\/div>\n\n\t\t\n\t\t\t\t\t\t<\/div>\n\t\t\t\t<\/div>\n\t\t\t\t<div className=\"elementor-element elementor-element-85c1d89 elementor-widget elementor-widget-mf-text\" data-id=\"85c1d89\" data-element_type=\"widget\" data-e-type=\"widget\" data-settings=\"{&quot;mf_input_name&quot;:&quot;mf-text&quot;,&quot;mf_input_get_params_enable&quot;:&quot;no&quot;}\" data-widget_type=\"mf-text.default\">\n\t\t\t\t\t\r\n\t\t<div className=\"mf-input-wrapper\">\r\n\t\t\t\r\n\t\t\t<input\r\n\t\t\t\ttype=\"text\"\r\n\t\t\t\tclassName=\"mf-input \"\r\n\t\t\t\tid=\"mf-input-text-85c1d89\"\r\n\t\t\t\tname=\"mf-text\"\r\n\t\t\t\tplaceholder=\"${ parent.decodeEntities(`Konu`) } \"\r\n\t\t\t\t\t\t\t\t\tonInput=${parent.handleChange}\r\n\t\t\t\t\tonBlur=${parent.handleChange}\r\n\t\t\t\t\taria-invalid=${validation.errors['mf-text'] ? 'true' : 'false'}\r\n\t\t\t\t\tref=${el =>{\r\n\t\t\t\t\t\t\t\t\t\t\t\tparent.activateValidation({\"message\":\"This field is required.\",\"minLength\":1,\"maxLength\":\"\",\"type\":\"none\",\"required\":false,\"expression\":\"null\"}, el)\r\n\t\t\t\t\t}}\r\n\t\t\t\t\t\t\t\t\/>\r\n\r\n\t\t\t\t\t\t\t<${validation.ErrorMessage}\r\n\t\t\t\t\terrors=${validation.errors}\r\n\t\t\t\t\tname=\"mf-text\"\r\n\t\t\t\t\tas=${html`<span className=\"mf-error-message\"><\/span>`}\r\n\t\t\t\t\t\/>\r\n\t\t\t\r\n\t\t\t\t\t<\/div>\r\n\r\n\t\t\t\t\t\t<\/div>\n\t\t\t\t<div className=\"elementor-element elementor-element-275598c elementor-widget elementor-widget-mf-textarea\" data-id=\"275598c\" data-element_type=\"widget\" data-e-type=\"widget\" data-settings=\"{&quot;mf_input_name&quot;:&quot;mf-textarea&quot;,&quot;mf_input_get_params_enable&quot;:&quot;no&quot;}\" data-widget_type=\"mf-textarea.default\">\n\t\t\t\t\t\r\n\t\t<div className=\"mf-input-wrapper\">\r\n\t\t\t\r\n\t\t\t<textarea className=\"mf-input mf-textarea \" id=\"mf-input-text-area-275598c\"\r\n\t\t\t\tname=\"mf-textarea\" \r\n\t\t\t\tplaceholder=\"${ parent.decodeEntities(`Mesaj\u0131n\u0131z`) } \"\r\n\t\t\t\tcols=\"30\" rows=\"10\"\r\n\t\t\t\t\t\t\t\t\tonInput=${ parent.handleChange }\r\n\t\t\t\t\taria-invalid=${validation.errors['mf-textarea'] ? 'true' : 'false'}\r\n\t\t\t\t\tref=${ el => parent.activateValidation({\"message\":\"This field is required.\",\"minLength\":1,\"maxLength\":\"\",\"type\":\"none\",\"required\":false,\"expression\":\"null\"}, el)}\r\n\t\t\t\t\t\t\t\t><\/textarea>\r\n\r\n\t\t\t\t\t\t\t<${validation.ErrorMessage}\r\n\t\t\t\t\terrors=${validation.errors}\r\n\t\t\t\t\tname=\"mf-textarea\"\r\n\t\t\t\t\tas=${html`<span className=\"mf-error-message\"><\/span>`}\r\n\t\t\t\t\t\/>\r\n\t\t\t\t\t\t\t\t<\/div>\r\n\r\n\t\t\t\t\t\t<\/div>\n\t\t\t\t<div className=\"elementor-element elementor-element-bc86632 mf-btn--left elementor-widget elementor-widget-mf-button\" data-id=\"bc86632\" data-element_type=\"widget\" data-e-type=\"widget\" data-widget_type=\"mf-button.default\">\n\t\t\t\t\t\t\t<div className=\"mf-btn-wraper \" data-mf-form-conditional-logic-requirement=\"\">\r\n\t\t\t\t\t\t\t<button type=\"submit\" className=\"metform-btn metform-submit-btn \" id=\"\">\r\n\t\t\t\t\t<span>${ parent.decodeEntities(`G\u00f6nder`) } <\/span>\r\n\t\t\t\t<\/button>\r\n\t\t\t        <\/div>\r\n        \t\t\t\t<\/div>\n\t\t\t\t<\/div>\n\t\t\t\t<\/div>\n\t\t\t\t<\/div>\n\t\t\t\t\t\t\t`}\r\n\t\t\t\t\t<\/div>\r\n\r\n\t\t\t\t\t${is_dummy_markup ? message_position === 'bottom' ? props.ResponseDummyMarkup(message_successIcon, message_proClass) : '' : ''}\r\n\t\t\t\t\t${is_dummy_markup ? ' ' : message_position === 'bottom' ? props.SubmitResponseMarkup`${parent}${state}${message_successIcon}${message_errorIcon}${message_proClass}` : ''}\r\n\t\t\t\t\r\n\t\t\t\t<\/form>\r\n\t\t\t`\r\n\t\t<\/script>\r\n\r\n\t\t\t\t\t<\/div>\n\t\t<\/div>\n\t\t<\/div>\t\t\t\t<\/div>\n\t\t\t\t<\/div>\n\t\t\t\t<\/div>\n\t\t\t\t\t<\/div>\n\t\t\t\t<\/div>\n\t\t\t\t<\/div>","protected":false},"excerpt":{"rendered":"<p>\u0130\u00e7indekiler Ya\u015flanma belirtileri zamanla y\u00fcz\u00fcn sarkmas\u0131, elastikiyet kayb\u0131 ve ince \u00e7izgilerle kendini g\u00f6sterir. G\u00fcn\u00fcm\u00fczde, cerrahi i\u015flemlere alternatif olarak geli\u015ftirilen Thread Lift (\u0130ple Y\u00fcz Germe) tedavisi, y\u00fcz\u00fc gen\u00e7le\u015ftirmek ve s\u0131k\u0131la\u015ft\u0131rmak isteyenler i\u00e7in pop\u00fcler bir se\u00e7enek haline gelmi\u015ftir. Bu yaz\u0131da, thread lift tedavisinin ne oldu\u011fu, nas\u0131l uyguland\u0131\u011f\u0131, etkileri ve avantajlar\u0131 hakk\u0131nda detayl\u0131 bilgiler bulabilirsiniz. Thread Lift Tedavisi [&hellip;]<\/p>","protected":false},"author":1,"featured_media":337,"parent":725,"menu_order":0,"comment_status":"closed","ping_status":"closed","template":"","meta":{"_seopress_robots_primary_cat":"","_seopress_titles_title":"\u0130p Ask\u0131lama ile Y\u00fcz Germe: Ameliyats\u0131z Gen\u00e7le\u015fme Y\u00f6ntemi","_seopress_titles_desc":"","_seopress_robots_index":"","footnotes":""},"class_list":["post-854","page","type-page","status-publish","has-post-thumbnail","hentry"],"_links":{"self":[{"href":"https:\/\/cenkgul.com\/de\/wp-json\/wp\/v2\/pages\/854","targetHints":{"allow":["GET"]}}],"collection":[{"href":"https:\/\/cenkgul.com\/de\/wp-json\/wp\/v2\/pages"}],"about":[{"href":"https:\/\/cenkgul.com\/de\/wp-json\/wp\/v2\/types\/page"}],"author":[{"embeddable":true,"href":"https:\/\/cenkgul.com\/de\/wp-json\/wp\/v2\/users\/1"}],"replies":[{"embeddable":true,"href":"https:\/\/cenkgul.com\/de\/wp-json\/wp\/v2\/comments?post=854"}],"version-history":[{"count":0,"href":"https:\/\/cenkgul.com\/de\/wp-json\/wp\/v2\/pages\/854\/revisions"}],"up":[{"embeddable":true,"href":"https:\/\/cenkgul.com\/de\/wp-json\/wp\/v2\/pages\/725"}],"wp:featuredmedia":[{"embeddable":true,"href":"https:\/\/cenkgul.com\/de\/wp-json\/wp\/v2\/media\/337"}],"wp:attachment":[{"href":"https:\/\/cenkgul.com\/de\/wp-json\/wp\/v2\/media?parent=854"}],"curies":[{"name":"wp","href":"https:\/\/api.w.org\/{rel}","templated":true}]}}