{"id":706,"date":"2024-12-22T22:23:31","date_gmt":"2024-12-22T22:23:31","guid":{"rendered":"https:\/\/cenkgul.com\/?page_id=706"},"modified":"2025-03-14T10:23:08","modified_gmt":"2025-03-14T10:23:08","slug":"uber-mich","status":"publish","type":"page","link":"https:\/\/cenkgul.com\/de\/uber-mich\/","title":{"rendered":"\u00dcber mich"},"content":{"rendered":"<div data-elementor-type=\"wp-page\" data-elementor-id=\"706\" class=\"elementor elementor-706\" data-elementor-post-type=\"page\">\n\t\t\t\t<div class=\"elementor-element elementor-element-f241475 elementor-hidden-tablet elementor-hidden-mobile e-flex e-con-boxed e-con e-parent\" data-id=\"f241475\" data-element_type=\"container\" data-e-type=\"container\" data-settings=\"{&quot;background_background&quot;:&quot;classic&quot;}\">\n\t\t\t\t\t<div class=\"e-con-inner\">\n\t\t\t\t<div class=\"elementor-element elementor-element-51c5e03 elementor-widget elementor-widget-heading\" data-id=\"51c5e03\" data-element_type=\"widget\" data-e-type=\"widget\" data-widget_type=\"heading.default\">\n\t\t\t\t\t<h1 class=\"elementor-heading-title elementor-size-default\">\u00dcber mich<\/h1>\t\t\t\t<\/div>\n\t\t\t\t\t<\/div>\n\t\t\t\t<\/div>\n\t\t<div class=\"elementor-element elementor-element-8d650fb e-flex e-con-boxed e-con e-parent\" data-id=\"8d650fb\" data-element_type=\"container\" data-e-type=\"container\" data-settings=\"{&quot;background_background&quot;:&quot;gradient&quot;}\">\n\t\t\t\t\t<div class=\"e-con-inner\">\n\t\t<div class=\"elementor-element elementor-element-54398d3 e-con-full e-flex e-con e-child\" data-id=\"54398d3\" data-element_type=\"container\" data-e-type=\"container\">\n\t\t\t\t<div class=\"elementor-element elementor-element-c40bf23 elementor-hidden-desktop elementor-widget elementor-widget-heading\" data-id=\"c40bf23\" data-element_type=\"widget\" data-e-type=\"widget\" data-widget_type=\"heading.default\">\n\t\t\t\t\t<h1 class=\"elementor-heading-title elementor-size-default\">\u00dcber mich<\/h1>\t\t\t\t<\/div>\n\t\t\t\t<div class=\"elementor-element elementor-element-79ec27d elementor-widget elementor-widget-heading\" data-id=\"79ec27d\" data-element_type=\"widget\" data-e-type=\"widget\" data-widget_type=\"heading.default\">\n\t\t\t\t\t<h2 class=\"elementor-heading-title elementor-size-default\">Facharzt <b>Cenk Gul<\/b><\/h2>\t\t\t\t<\/div>\n\t\t\t\t<div class=\"elementor-element elementor-element-adc3822 elementor-widget elementor-widget-text-editor\" data-id=\"adc3822\" data-element_type=\"widget\" data-e-type=\"widget\" data-widget_type=\"text-editor.default\">\n\t\t\t\t\t\t\t\t\t<p><strong>Dr. Cenk G\u00fcl bietet professionelle Dienstleistungen im Bereich der \u00c4sthetik mit mehr als 15 Jahren Erfahrung.\u00a0<br \/>2024 \u2018de Roma Camerino \u00dcniversitesi Medikal Estetik \u00fczerine master e\u011fitimini tamamlam\u0131\u015f, bu alanda son geli\u015fmeleri ve yenilikleri siz de\u011ferli hastalar\u0131na sunmaya devam etmektedir.<br \/><\/strong><\/p><div class=\"flex max-w-full flex-col flex-grow\"><div class=\"min-h-8 text-message relative flex w-full flex-col items-end gap-2 whitespace-normal break-words text-start [.text-message+&amp;]:mt-5\" dir=\"auto\" data-message-author-role=\"assistant\" data-message-id=\"21d43abe-9358-4a7f-962c-ce2667e5c48d\" data-message-model-slug=\"gpt-4o\"><div class=\"flex w-full flex-col gap-1 empty:hidden first:pt-[3px]\"><div class=\"markdown prose w-full break-words dark:prose-invert light\"><p data-start=\"0\" data-end=\"290\" data-is-last-node=\"\" data-is-only-node=\"\">\u00a0<\/p><p data-start=\"0\" data-end=\"290\" data-is-last-node=\"\" data-is-only-node=\"\">Klini\u011fimizde botoks, dolgu, iple y\u00fcz germe, k\u00f6k h\u00fccre tedavileri, mezoterapi, PRP y\u00fcz ve sa\u00e7 tedavileri, Hydrafacial cilt bak\u0131m\u0131, JettPlasma, Morpheus 8 fraksiyonel radyofrekans mikroneedling, fibroblast cilt s\u0131k\u0131la\u015ft\u0131rma ve BBL lazer gibi modern estetik uygulamalar ger\u00e7ekle\u015ftirilmektedir.<\/p><p data-start=\"0\" data-end=\"290\" data-is-last-node=\"\" data-is-only-node=\"\">\u00a0<\/p><\/div><\/div><\/div><\/div><p>Dar\u00fcber hinaus werden Anti-Aging-L\u00f6sungen wie intraven\u00f6se Behandlungen und Ozontherapie angeboten sowie \u00e4sthetische Beratungsleistungen zu Haartransplantation und plastischer Chirurgie. Mit unserem Expertenteam stehen wir Ihnen mit individuellen, auf Ihre Bed\u00fcrfnisse abgestimmten Behandlungsm\u00f6glichkeiten zur Seite.<\/p>\t\t\t\t\t\t\t\t<\/div>\n\t\t<div class=\"elementor-element elementor-element-1544558 e-con-full e-flex e-con e-child\" data-id=\"1544558\" data-element_type=\"container\" data-e-type=\"container\">\n\t\t<div class=\"elementor-element elementor-element-277f6b3 e-con-full e-flex e-con e-child\" data-id=\"277f6b3\" data-element_type=\"container\" data-e-type=\"container\">\n\t\t\t\t<div class=\"elementor-element elementor-element-33091a0 elementor-widget elementor-widget-heading\" data-id=\"33091a0\" data-element_type=\"widget\" data-e-type=\"widget\" data-widget_type=\"heading.default\">\n\t\t\t\t\t<span class=\"elementor-heading-title elementor-size-default\">langj\u00e4hrige<br>erfahrung<\/span>\t\t\t\t<\/div>\n\t\t\t\t<div class=\"elementor-element elementor-element-c45047a elementor-widget elementor-widget-counter\" data-id=\"c45047a\" data-element_type=\"widget\" data-e-type=\"widget\" data-widget_type=\"counter.default\">\n\t\t\t\t\t\t\t<div class=\"elementor-counter\">\n\t\t\t\t\t\t<div class=\"elementor-counter-number-wrapper\">\n\t\t\t\t<span class=\"elementor-counter-number-prefix\"><\/span>\n\t\t\t\t<span class=\"elementor-counter-number\" data-duration=\"2000\" data-to-value=\"15\" data-from-value=\"1\" data-delimiter=\",\">1<\/span>\n\t\t\t\t<span class=\"elementor-counter-number-suffix\">+<\/span>\n\t\t\t<\/div>\n\t\t<\/div>\n\t\t\t\t\t\t<\/div>\n\t\t\t\t<\/div>\n\t\t<div class=\"elementor-element elementor-element-e7ffa02 e-con-full e-flex e-con e-child\" data-id=\"e7ffa02\" data-element_type=\"container\" data-e-type=\"container\">\n\t\t\t\t<div class=\"elementor-element elementor-element-aceea31 elementor-widget elementor-widget-heading\" data-id=\"aceea31\" data-element_type=\"widget\" data-e-type=\"widget\" data-widget_type=\"heading.default\">\n\t\t\t\t\t<span class=\"elementor-heading-title elementor-size-default\">gl\u00fcckliche<br>Patient<\/span>\t\t\t\t<\/div>\n\t\t\t\t<div class=\"elementor-element elementor-element-0f90068 elementor-widget elementor-widget-counter\" data-id=\"0f90068\" data-element_type=\"widget\" data-e-type=\"widget\" data-widget_type=\"counter.default\">\n\t\t\t\t\t\t\t<div class=\"elementor-counter\">\n\t\t\t\t\t\t<div class=\"elementor-counter-number-wrapper\">\n\t\t\t\t<span class=\"elementor-counter-number-prefix\"><\/span>\n\t\t\t\t<span class=\"elementor-counter-number\" data-duration=\"2000\" data-to-value=\"2\" data-from-value=\"\" data-delimiter=\",\"><\/span>\n\t\t\t\t<span class=\"elementor-counter-number-suffix\">b<\/span>\n\t\t\t<\/div>\n\t\t<\/div>\n\t\t\t\t\t\t<\/div>\n\t\t\t\t<\/div>\n\t\t\t\t<\/div>\n\t\t\t\t<\/div>\n\t\t<div class=\"elementor-element elementor-element-0fcf4b5 e-con-full e-flex e-con e-child\" data-id=\"0fcf4b5\" data-element_type=\"container\" data-e-type=\"container\">\n\t\t\t\t<div class=\"elementor-element elementor-element-7edd44f elementor-widget elementor-widget-image\" data-id=\"7edd44f\" data-element_type=\"widget\" data-e-type=\"widget\" data-widget_type=\"image.default\">\n\t\t\t\t\t\t\t\t\t\t\t\t\t\t\t<img alt=\"\" fetchpriority=\"high\" decoding=\"async\" width=\"800\" height=\"962\" src=\"https:\/\/cenkgul.com\/wp-content\/uploads\/2024\/12\/Cenk-Gul-hakkimda-852x1024.webp\" class=\"attachment-large size-large wp-image-1054\" srcset=\"https:\/\/cenkgul.com\/wp-content\/uploads\/2024\/12\/Cenk-Gul-hakkimda-852x1024.webp 852w, https:\/\/cenkgul.com\/wp-content\/uploads\/2024\/12\/Cenk-Gul-hakkimda-250x300.webp 250w, https:\/\/cenkgul.com\/wp-content\/uploads\/2024\/12\/Cenk-Gul-hakkimda-768x923.webp 768w, https:\/\/cenkgul.com\/wp-content\/uploads\/2024\/12\/Cenk-Gul-hakkimda-1278x1536.webp 1278w, https:\/\/cenkgul.com\/wp-content\/uploads\/2024\/12\/Cenk-Gul-hakkimda-1704x2048.webp 1704w\" sizes=\"(max-width: 800px) 100vw, 800px\" \/>\t\t\t\t\t\t\t\t\t\t\t\t\t\t\t<\/div>\n\t\t\t\t<\/div>\n\t\t\t\t\t<\/div>\n\t\t\t\t<\/div>\n\t\t<div class=\"elementor-element elementor-element-77c4879 e-con-full e-flex e-con e-parent\" data-id=\"77c4879\" data-element_type=\"container\" data-e-type=\"container\">\n\t\t\t\t<div class=\"elementor-element elementor-element-67fe2fa elementor-widget elementor-widget-google_maps\" data-id=\"67fe2fa\" data-element_type=\"widget\" data-e-type=\"widget\" data-widget_type=\"google_maps.default\">\n\t\t\t\t\t\t\t<div class=\"elementor-custom-embed\">\n\t\t\t<iframe loading=\"lazy\"\n\t\t\t\t\tsrc=\"https:\/\/maps.google.com\/maps?q=Cenk%20G%C3%BCl&#038;t=m&#038;z=10&#038;output=embed&#038;iwloc=near\"\n\t\t\t\t\ttitle=\"Cenk Gul\"\n\t\t\t\t\taria-label=\"Cenk Gul\"\n\t\t\t><\/iframe>\n\t\t<\/div>\n\t\t\t\t\t\t<\/div>\n\t\t\t\t<\/div>\n\t\t\t\t<\/div>","protected":false},"excerpt":{"rendered":"<p>Hakk\u0131mda Uzm. Dr. Cenk G\u00fcl Dr. Cenk G\u00fcl, 15 y\u0131l\u0131 a\u015fk\u0131n tecr\u00fcbesiyle estetik alan\u0131nda profesyonel hizmet sunmaktad\u0131r.\u00a02024 \u2018de Roma Camerino \u00dcniversitesi Medikal Estetik \u00fczerine master e\u011fitimini tamamlam\u0131\u015f, bu alanda son geli\u015fmeleri ve yenilikleri siz de\u011ferli hastalar\u0131na sunmaya devam etmektedir. \u00a0 Klini\u011fimizde botoks, dolgu, iple y\u00fcz germe, k\u00f6k h\u00fccre tedavileri, mezoterapi, PRP y\u00fcz ve sa\u00e7 tedavileri, [&hellip;]<\/p>","protected":false},"author":1,"featured_media":0,"parent":0,"menu_order":0,"comment_status":"closed","ping_status":"closed","template":"","meta":{"_seopress_robots_primary_cat":"","_seopress_titles_title":"","_seopress_titles_desc":"","_seopress_robots_index":"","footnotes":""},"class_list":["post-706","page","type-page","status-publish","hentry"],"_links":{"self":[{"href":"https:\/\/cenkgul.com\/de\/wp-json\/wp\/v2\/pages\/706","targetHints":{"allow":["GET"]}}],"collection":[{"href":"https:\/\/cenkgul.com\/de\/wp-json\/wp\/v2\/pages"}],"about":[{"href":"https:\/\/cenkgul.com\/de\/wp-json\/wp\/v2\/types\/page"}],"author":[{"embeddable":true,"href":"https:\/\/cenkgul.com\/de\/wp-json\/wp\/v2\/users\/1"}],"replies":[{"embeddable":true,"href":"https:\/\/cenkgul.com\/de\/wp-json\/wp\/v2\/comments?post=706"}],"version-history":[{"count":0,"href":"https:\/\/cenkgul.com\/de\/wp-json\/wp\/v2\/pages\/706\/revisions"}],"wp:attachment":[{"href":"https:\/\/cenkgul.com\/de\/wp-json\/wp\/v2\/media?parent=706"}],"curies":[{"name":"wp","href":"https:\/\/api.w.org\/{rel}","templated":true}]}}