{"id":1174,"date":"2024-12-24T00:13:16","date_gmt":"2024-12-24T00:13:16","guid":{"rendered":"https:\/\/cenkgul.com\/?page_id=1174"},"modified":"2025-03-14T03:19:33","modified_gmt":"2025-03-14T03:19:33","slug":"strahlungsplasma","status":"publish","type":"page","link":"https:\/\/cenkgul.com\/de\/dienstleistungen\/strahlungsplasma\/","title":{"rendered":"Jett Plasma"},"content":{"rendered":"<div data-elementor-type=\"wp-page\" data-elementor-id=\"1174\" class=\"elementor elementor-1174\" data-elementor-post-type=\"page\">\n\t\t\t\t<div class=\"elementor-element elementor-element-53d3f49d e-flex e-con-boxed e-con e-parent\" data-id=\"53d3f49d\" data-element_type=\"container\" data-e-type=\"container\" data-settings=\"{&quot;background_background&quot;:&quot;classic&quot;}\">\n\t\t\t\t\t<div class=\"e-con-inner\">\n\t\t\t\t<div class=\"elementor-element elementor-element-322a2ec5 elementor-widget elementor-widget-heading\" data-id=\"322a2ec5\" data-element_type=\"widget\" data-e-type=\"widget\" data-widget_type=\"heading.default\">\n\t\t\t\t\t<h1 class=\"elementor-heading-title elementor-size-default\">Jett Plasma<\/h1>\t\t\t\t<\/div>\n\t\t\t\t\t<\/div>\n\t\t\t\t<\/div>\n\t\t<div class=\"elementor-element elementor-element-1b052ea9 e-flex e-con-boxed e-con e-parent\" data-id=\"1b052ea9\" data-element_type=\"container\" data-e-type=\"container\">\n\t\t\t\t\t<div class=\"e-con-inner\">\n\t\t<div class=\"elementor-element elementor-element-7b1b0012 e-con-full e-flex e-con e-child\" data-id=\"7b1b0012\" data-element_type=\"container\" data-e-type=\"container\">\n\t\t\t\t<div class=\"elementor-element elementor-element-1effd902 elementor-toc--minimized-on-desktop elementor-widget elementor-widget-table-of-contents\" data-id=\"1effd902\" data-element_type=\"widget\" data-e-type=\"widget\" data-settings=\"{&quot;exclude_headings_by_selector&quot;:[],&quot;no_headings_message&quot;:&quot;No headings were found on this page.&quot;,&quot;minimized_on&quot;:&quot;desktop&quot;,&quot;headings_by_tags&quot;:[&quot;h2&quot;,&quot;h3&quot;,&quot;h4&quot;,&quot;h5&quot;,&quot;h6&quot;],&quot;marker_view&quot;:&quot;numbers&quot;,&quot;minimize_box&quot;:&quot;yes&quot;,&quot;hierarchical_view&quot;:&quot;yes&quot;,&quot;min_height&quot;:{&quot;unit&quot;:&quot;px&quot;,&quot;size&quot;:&quot;&quot;,&quot;sizes&quot;:[]},&quot;min_height_tablet_extra&quot;:{&quot;unit&quot;:&quot;px&quot;,&quot;size&quot;:&quot;&quot;,&quot;sizes&quot;:[]},&quot;min_height_tablet&quot;:{&quot;unit&quot;:&quot;px&quot;,&quot;size&quot;:&quot;&quot;,&quot;sizes&quot;:[]},&quot;min_height_mobile_extra&quot;:{&quot;unit&quot;:&quot;px&quot;,&quot;size&quot;:&quot;&quot;,&quot;sizes&quot;:[]},&quot;min_height_mobile&quot;:{&quot;unit&quot;:&quot;px&quot;,&quot;size&quot;:&quot;&quot;,&quot;sizes&quot;:[]}}\" data-widget_type=\"table-of-contents.default\">\n\t\t\t\t\t\t\t\t\t<div class=\"elementor-toc__header\">\r\n\t\t\t\t\t\t<h4 class=\"elementor-toc__header-title\">\r\n\t\t\t\tInhalt\t\t\t<\/h4>\r\n\t\t\t\t\t\t\t\t\t\t<div class=\"elementor-toc__toggle-button elementor-toc__toggle-button--expand\" role=\"button\" tabindex=\"0\" aria-controls=\"elementor-toc__1effd902\" aria-expanded=\"true\" aria-label=\"Inhaltsverzeichnis \u00f6ffnen\" data-no-translation-aria-label=\"\"><svg aria-hidden=\"true\" class=\"e-font-icon-svg e-fas-chevron-down\" viewbox=\"0 0 448 512\" xmlns=\"http:\/\/www.w3.org\/2000\/svg\"><path d=\"M207.029 381.476L12.686 187.132c-9.373-9.373-9.373-24.569 0-33.941l22.667-22.667c9.357-9.357 24.522-9.375 33.901-.04L224 284.505l154.745-154.021c9.379-9.335 24.544-9.317 33.901.04l22.667 22.667c9.373 9.373 9.373 24.569 0 33.941L240.971 381.476c-9.373 9.372-24.569 9.372-33.942 0z\"><\/path><\/svg><\/div>\r\n\t\t\t\t<div class=\"elementor-toc__toggle-button elementor-toc__toggle-button--collapse\" role=\"button\" tabindex=\"0\" aria-controls=\"elementor-toc__1effd902\" aria-expanded=\"true\" aria-label=\"Inhaltsverzeichnis schlie\u00dfen\" data-no-translation-aria-label=\"\"><svg aria-hidden=\"true\" class=\"e-font-icon-svg e-fas-chevron-up\" viewbox=\"0 0 448 512\" xmlns=\"http:\/\/www.w3.org\/2000\/svg\"><path d=\"M240.971 130.524l194.343 194.343c9.373 9.373 9.373 24.569 0 33.941l-22.667 22.667c-9.357 9.357-24.522 9.375-33.901.04L224 227.495 69.255 381.516c-9.379 9.335-24.544 9.317-33.901-.04l-22.667-22.667c-9.373-9.373-9.373-24.569 0-33.941L207.03 130.525c9.372-9.373 24.568-9.373 33.941-.001z\"><\/path><\/svg><\/div>\r\n\t\t\t\t\t<\/div>\r\n\t\t\t\t<div id=\"elementor-toc__1effd902\" class=\"elementor-toc__body\">\r\n\t\t\t<div class=\"elementor-toc__spinner-container\">\r\n\t\t\t\t<svg class=\"elementor-toc__spinner eicon-animation-spin e-font-icon-svg e-eicon-loading\" aria-hidden=\"true\" viewbox=\"0 0 1000 1000\" xmlns=\"http:\/\/www.w3.org\/2000\/svg\"><path d=\"M500 975V858C696 858 858 696 858 500S696 142 500 142 142 304 142 500H25C25 237 238 25 500 25S975 237 975 500 763 975 500 975Z\"><\/path><\/svg>\t\t\t<\/div>\r\n\t\t<\/div>\r\n\t\t\t\t\t\t<\/div>\n\t\t\t\t<div class=\"elementor-element elementor-element-559dce19 elementor-widget elementor-widget-text-editor\" data-id=\"559dce19\" data-element_type=\"widget\" data-e-type=\"widget\" data-widget_type=\"text-editor.default\">\n\t\t\t\t\t\t\t\t\t<p>Die Jett-Plasma-Behandlung ist eine hochtechnologische, minimalinvasive \u00e4sthetische Anwendung, die zur Hauterneuerung, Hautstraffung und Behandlung verschiedener Hautprobleme eingesetzt wird. Diese Behandlung, die sich unter den nicht-chirurgischen \u00e4sthetischen Methoden besonderer Beliebtheit erfreut, zielt auf die oberen Hautschichten mit Plasma-Energie ab und setzt den nat\u00fcrlichen Regenerationsprozess in Gang.<\/p><hr \/><h2>Was ist Jett Plasma?<\/h2><p>Jett Plasma ist eine Behandlungsmethode mit einem Plasmager\u00e4t. Das Ger\u00e4t setzt mit Hilfe elektrischer Energie einen Ionisierungsprozess in Gang und gibt Plasmaenergie an die Hautoberfl\u00e4che ab. Diese Energie stimuliert die Epidermis- und Dermisschichten der Haut, erh\u00f6ht die Kollagenproduktion und aktiviert den nat\u00fcrlichen Heilungsmechanismus der Haut. Diese Methode kann als Alternative zu chirurgischen Eingriffen eingesetzt werden und ist besonders wirksam bei der \u00c4sthetik der Augenlider, der Hautstraffung, der Behandlung von Flecken und der Beseitigung von Aknenarben.<\/p><hr \/><h2>Zu welchen Zwecken wird die Jett Plasma Therapie eingesetzt?<\/h2><p>Die Jett-Plasma-Therapie hat eine breite Palette von Anwendungen in der \u00e4sthetischen Dermatologie:<\/p><ul><li><strong>Hautstraffung und -erneuerung:<\/strong> Erh\u00f6ht die Elastizit\u00e4t und strafft die Haut im Bereich von Gesicht, Hals und Dekollet\u00e9.<\/li><li><strong>\u00c4sthetik der Augenlider:<\/strong> Mit diesem Verfahren, der so genannten nicht-chirurgischen Blepharoplastik, werden erschlaffte Augenlider behandelt.<\/li><li><strong>Akne und Aknenarben:<\/strong> Reduziert das Erscheinungsbild von Narben auf der Haut, indem es Akne verursachende Bakterien abt\u00f6tet.<\/li><li><strong>Hautunreinheiten und Hyperpigmentierung:<\/strong> Behandelt Pigmentierungsprobleme wie Altersflecken, Sonnensch\u00e4den und Melasmen.<\/li><li><strong>Feine Linien und F\u00e4ltchen:<\/strong> Es hellt das Erscheinungsbild feiner Linien auf der Haut auf und reduziert die Zeichen der Hautalterung.<\/li><\/ul><hr \/><h2>Wie wird die Jett Plasma Behandlung angewendet?<\/h2><h3>1. die Vorbereitungsphase<\/h3><p>Die Haut wird vor der Behandlung gereinigt und desinfiziert. Je nach der Hautstruktur des Patienten und dem Zweck der Behandlung kann eine lokal bet\u00e4ubende Creme aufgetragen werden.<\/p><h3>2. die Anwendung der Plasmaenergie<\/h3><p>Das Ger\u00e4t wird nahe an die Hautoberfl\u00e4che gehalten, und die Plasmaenergie wird kontrolliert angewendet. Diese Energie regt die Kollagen- und Elastinproduktion in der Dermis an und erzeugt gleichzeitig kleine Mikrosch\u00e4den in der Epidermis.<\/p><h3>3. nach der Behandlung Pflege<\/h3><p>Nach dem Eingriff kann eine leichte R\u00f6tung oder Verkrustung der Haut auftreten. Dies ist Teil des nat\u00fcrlichen Heilungsprozesses der Haut.<\/p><hr \/><h2>Vorteile der Jett Plasma Therapie<\/h2><p>Die Jett Plasma Behandlung hat viele Vorteile:<\/p><ul><li><strong>Nicht-chirurgische und schnelle Anwendung:<\/strong> Sie liefert \u00e4sthetische Ergebnisse, ohne dass ein chirurgischer Eingriff erforderlich ist.<\/li><li><strong>Nat\u00fcrlicher Heilungsprozess:<\/strong> Es aktiviert den hauteigenen Regenerationsmechanismus.<\/li><li><strong>Kurze Erholungszeit:<\/strong> Nach der Behandlung kann das t\u00e4gliche Leben schnell wieder aufgenommen werden.<\/li><li><strong>Pr\u00e4zise Anwendung:<\/strong> Es kann gefahrlos an empfindlichen Stellen wie der Augenpartie angewendet werden.<\/li><li><strong>Langfristige Ergebnisse:<\/strong> Es h\u00e4lt seine Wirkung lange aufrecht, indem es die Kollagenproduktion steigert.<\/li><\/ul><hr \/><h2>Was sollte nach einer Jett Plasma Behandlung beachtet werden?<\/h2><p>Um den Heilungsprozess der Haut nach der Behandlung zu unterst\u00fctzen, sind folgende Dinge zu beachten:<\/p><ul><li>Verwenden Sie zum Schutz vor der Sonne ein Sonnenschutzmittel mit einem hohen Lichtschutzfaktor.<\/li><li>W\u00e4hlen Sie Produkte, die der Haut Feuchtigkeit spenden und sie beruhigen.<\/li><li>Vermeiden Sie es, den Schorf in den ersten 7-10 Tagen nach der Behandlung zu ber\u00fchren.<\/li><li>Vermeiden Sie Aktivit\u00e4ten, die das Schwitzen verst\u00e4rken, wie z. B. Saunabesuche, Dampfb\u00e4der und intensives Training.<\/li><\/ul><hr \/><h2>Wer ist f\u00fcr die Jett Plasma Behandlung geeignet?<\/h2><p>Die Behandlung mit Jett Plasma ist im Allgemeinen f\u00fcr gesunde Personen sicher. Sie wird jedoch nicht f\u00fcr Personen mit aktiven Hautinfektionen, Schwangerschaft, Stillzeit oder schweren dermatologischen Erkrankungen empfohlen. Es ist wichtig, vor Beginn der Behandlung einen Dermatologen oder einen Kosmetiker zu konsultieren.<\/p><hr \/><h2>Wie lange h\u00e4lt die Wirkung der Jett Plasma Behandlung an?<\/h2><p>Die Behandlungsergebnisse sind in der Regel bereits nach der ersten Anwendung sichtbar. Je nach Kollagenproduktion der Haut werden jedoch innerhalb von 6-8 Wochen vollst\u00e4ndige Ergebnisse erzielt. F\u00fcr eine dauerhafte und langfristige Wirkung k\u00f6nnen 2-3 Sitzungen empfohlen werden.<\/p><hr \/><p><strong>Schlussfolgerung<\/strong><\/p><p>Jett Plasma ist eine Behandlungsmethode, die unter den nicht-chirurgischen \u00e4sthetischen Verfahren sichere, effektive und schnelle Ergebnisse bietet. Diese Methode, die zur Hauterneuerung, Hautstraffung und \u00e4sthetischen Verbesserung eingesetzt wird, ist dank ihrer minimalinvasiven Struktur eine ideale Alternative zu chirurgischen Eingriffen. Die von einem Facharzt durchgef\u00fchrte Jett-Plasma-Behandlung sorgt f\u00fcr ein nat\u00fcrliches und gesundes Aussehen der Haut.<\/p>\t\t\t\t\t\t\t\t<\/div>\n\t\t\t\t<\/div>\n\t\t<div class=\"elementor-element elementor-element-6ab772ee e-con-full e-flex e-con e-child\" data-id=\"6ab772ee\" data-element_type=\"container\" data-e-type=\"container\">\n\t\t<div class=\"elementor-element elementor-element-5bf702e6 e-con-full e-flex e-con e-child\" data-id=\"5bf702e6\" data-element_type=\"container\" data-e-type=\"container\" data-settings=\"{&quot;background_background&quot;:&quot;classic&quot;,&quot;sticky&quot;:&quot;top&quot;,&quot;sticky_offset&quot;:15,&quot;sticky_parent&quot;:&quot;yes&quot;,&quot;sticky_on&quot;:[&quot;desktop&quot;,&quot;tablet_extra&quot;,&quot;tablet&quot;,&quot;mobile_extra&quot;,&quot;mobile&quot;],&quot;sticky_effects_offset&quot;:0,&quot;sticky_anchor_link_offset&quot;:0}\">\n\t\t\t\t<div class=\"elementor-element elementor-element-519f637d elementor-widget elementor-widget-heading\" data-id=\"519f637d\" data-element_type=\"widget\" data-e-type=\"widget\" data-widget_type=\"heading.default\">\n\t\t\t\t\t<div class=\"elementor-heading-title elementor-size-default\">Kostenlose Beratung<\/div>\t\t\t\t<\/div>\n\t\t\t\t<div class=\"elementor-element elementor-element-5c8ce003 elementor-widget elementor-widget-heading\" data-id=\"5c8ce003\" data-element_type=\"widget\" data-e-type=\"widget\" data-widget_type=\"heading.default\">\n\t\t\t\t\t<p class=\"elementor-heading-title elementor-size-default\">M\u00f6chten Sie behandelt werden oder haben Sie etwas auf dem Herzen? F\u00fcllen Sie das Formular aus und wir werden Sie anrufen<\/p>\t\t\t\t<\/div>\n\t\t\t\t<div class=\"elementor-element elementor-element-38e00f2b elementor-widget elementor-widget-metform\" data-id=\"38e00f2b\" data-element_type=\"widget\" data-e-type=\"widget\" data-settings=\"{&quot;mf_form_multistep_status&quot;:&quot;no&quot;}\" data-widget_type=\"metform.default\">\n\t\t\t\t\t<div id=\"mf-response-props-id-572\" data-previous-steps-style=\"\" data-editswitchopen=\"no\" data-response_type=\"alert\" data-erroricon=\"\" data-successicon=\"\" data-messageposition=\"\" class=\"mf_slide_direction_horizontal no mf-scroll-top-no\">\n\t\t<div class=\"formpicker_warper formpicker_warper_editable\" data-metform-formpicker-key=\"572\" >\n\t\t\t\t\n\t\t\t<div class=\"mf-widget-container\">\n\t\t\t\t\r\n\t\t<div\r\n\t\t\tid=\"metform-wrap-38e00f2b-572\"\r\n\t\t\tclass=\"mf-form-wrapper\"\r\n\t\t\tdata-form-id=\"572\"\r\n\t\t\tdata-action=\"https:\/\/cenkgul.com\/de\/wp-json\/metform\/v1\/entries\/insert\/572\"\r\n\t\t\tdata-wp-nonce=\"510bdd3e58\"\r\n\t\t\tdata-form-nonce=\"de0f50a512\"\r\n\t\t\tdata-quiz-summery = \"false\"\r\n\t\t\tdata-save-progress = \"false\"\r\n\t\t\tdata-form-type=\"general-form\"\r\n\t\t\tdata-stop-vertical-effect=\"\"\r\n\t\t\t><\/div>\r\n\r\n\r\n\t\t<!----------------------------- \r\n\t\t\t* controls_data : find the the props passed indie of data attribute\r\n\t\t\t* props.SubmitResponseMarkup : contains the markup of error or success message\r\n\t\t\t* https:\/\/developer.mozilla.org\/en-US\/docs\/Web\/JavaScript\/Reference\/Template_literals\r\n\t\t--------------------------- -->\r\n\r\n\t\t\t\t<script type=\"text\/mf\" class=\"mf-template\">\r\n\t\t\tfunction controls_data (value){\r\n\t\t\t\tlet currentWrapper = \"mf-response-props-id-572\";\r\n\t\t\t\tlet currentEl = document.getElementById(currentWrapper);\r\n\t\t\t\t\r\n\t\t\t\treturn currentEl ? currentEl.dataset[value] : false\r\n\t\t\t}\r\n\r\n\r\n\t\t\tlet is_edit_mode = '' ? true : false;\r\n\t\t\tlet message_position = controls_data('messageposition') || 'top';\r\n\r\n\t\t\t\r\n\t\t\tlet message_successIcon = controls_data('successicon') || '';\r\n\t\t\tlet message_errorIcon = controls_data('erroricon') || '';\r\n\t\t\tlet message_editSwitch = controls_data('editswitchopen') === 'yes' ? true : false;\r\n\t\t\tlet message_proClass = controls_data('editswitchopen') === 'yes' ? 'mf_pro_activated' : '';\r\n\t\t\t\r\n\t\t\tlet is_dummy_markup = is_edit_mode && message_editSwitch ? true : false;\r\n\r\n\t\t\t\r\n\t\t\treturn html`\r\n\t\t\t\t<form\r\n\t\t\t\t\tclassName=\"metform-form-content\"\r\n\t\t\t\t\tref=${parent.formContainerRef}\r\n\t\t\t\t\tonSubmit=${ validation.handleSubmit( parent.handleFormSubmit ) }\r\n\t\t\t\t\r\n\t\t\t\t\t>\r\n\t\t\t\r\n\t\t\t\r\n\t\t\t\t\t${is_dummy_markup ? message_position === 'top' ?  props.ResponseDummyMarkup(message_successIcon, message_proClass) : '' : ''}\r\n\t\t\t\t\t${is_dummy_markup ? ' ' :  message_position === 'top' ? props.SubmitResponseMarkup`${parent}${state}${message_successIcon}${message_errorIcon}${message_proClass}` : ''}\r\n\r\n\t\t\t\t\t<!--------------------------------------------------------\r\n\t\t\t\t\t*** IMPORTANT \/ DANGEROUS ***\r\n\t\t\t\t\t${html``} must be used as in immediate child of \"metform-form-main-wrapper\"\r\n\t\t\t\t\tclass otherwise multistep form will not run at all\r\n\t\t\t\t\t---------------------------------------------------------->\r\n\r\n\t\t\t\t\t<div className=\"metform-form-main-wrapper\" key=${'hide-form-after-submit'} ref=${parent.formRef}>\r\n\t\t\t\t\t${html`\r\n\t\t\t\t\t\t\t\t<div data-elementor-type=\"wp-post\" key=\"2\" data-elementor-id=\"572\" className=\"elementor elementor-572\" data-elementor-post-type=\"metform-form\">\n\t\t\t\t<div className=\"elementor-element elementor-element-2034011 e-con-full e-flex e-con e-parent\" data-id=\"2034011\" data-element_type=\"container\" data-e-type=\"container\">\n\t\t<div className=\"elementor-element elementor-element-08b75b5 e-grid e-con-full e-con e-child\" data-id=\"08b75b5\" data-element_type=\"container\" data-e-type=\"container\" data-settings=\"{&quot;metform_multistep_settings_icon&quot;:{&quot;value&quot;:&quot;&quot;,&quot;library&quot;:&quot;&quot;}}\">\n\t\t\t\t<div className=\"elementor-element elementor-element-1817106 elementor-widget elementor-widget-mf-listing-fname\" data-id=\"1817106\" data-element_type=\"widget\" data-e-type=\"widget\" data-settings=\"{&quot;mf_input_name&quot;:&quot;mf-listing-fname&quot;,&quot;mf_input_get_params_enable&quot;:&quot;no&quot;}\" data-widget_type=\"mf-listing-fname.default\">\n\t\t\t\t\t\n\t\t<div className=\"mf-input-wrapper\">\n\t\t\t\n\t\t\t<input type=\"text\" className=\"mf-input \" id=\"mf-input-text-1817106\" \n\t\t\t\tname=\"mf-listing-fname\" \n\t\t\t\tplaceholder=\"${ parent.decodeEntities(`\u0130sim &amp; Soyisim`) } \"\n\t\t\t\tonInput=${ parent.handleChange }\n\n\t\t\t\t\t\t\t\t\taria-invalid=${validation.errors['mf-listing-fname'] ? 'true' : 'false'}\n\t\t\t\t\tref=${ el => parent.activateValidation({\"message\":\"Bu alan zorunludur.\",\"minLength\":1,\"maxLength\":\"\",\"type\":\"none\",\"required\":true,\"expression\":\"null\"}, el) }\n\t\t\t\t\t\t\t\/>\n\n\t\t\t\t\t\t\t<${validation.ErrorMessage}\n\t\t\t\t\terrors=${validation.errors}\n\t\t\t\t\tname=\"mf-listing-fname\"\n\t\t\t\t\tas=${html`<span className=\"mf-error-message\"><\/span>`}\n\t\t\t\t\t\/>\n\t\t\t\t\t\t\t\t<\/div>\n\n\t\t\t\t\t\t<\/div>\n\t\t\t\t<div className=\"elementor-element elementor-element-7923f71 elementor-widget elementor-widget-mf-email\" data-id=\"7923f71\" data-element_type=\"widget\" data-e-type=\"widget\" data-settings=\"{&quot;mf_input_name&quot;:&quot;mf-email&quot;,&quot;mf_input_get_params_enable&quot;:&quot;no&quot;}\" data-widget_type=\"mf-email.default\">\n\t\t\t\t\t\r\n\t\t<div className=\"mf-input-wrapper\">\r\n\t\t\t\r\n\t\t\t<input \r\n\t\t\t\ttype=\"email\" \r\n\t\t\t\t \r\n\t\t\t\tdefaultValue=\"\" \r\n\t\t\t\tclassName=\"mf-input \" \r\n\t\t\t\tid=\"mf-input-email-7923f71\" \r\n\t\t\t\tname=\"mf-email\" \r\n\t\t\t\tplaceholder=\"${ parent.decodeEntities(`Email`) } \" \r\n\t\t\t\t \r\n\t\t\t\tonBlur=${parent.handleChange} onFocus=${parent.handleChange} aria-invalid=${validation.errors['mf-email'] ? 'true' : 'false' } \r\n\t\t\t\tref=${el=> parent.activateValidation({\"message\":\"Bu alan zorunludur.\",\"emailMessage\":\"Please enter a valid Email address\",\"minLength\":1,\"maxLength\":\"\",\"type\":\"none\",\"required\":true,\"expression\":\"null\"}, el)}\r\n\t\t\t\t\t\t\t\/>\r\n\r\n\t\t\t\t\t\t<${validation.ErrorMessage} \r\n\t\t\t\terrors=${validation.errors} \r\n\t\t\t\tname=\"mf-email\" \r\n\t\t\t\tas=${html`<span className=\"mf-error-message\"><\/span>`}\r\n\t\t\t\/>\r\n\t\t\t\r\n\t\t\t\t\t<\/div>\r\n\r\n\t\t\t\t<\/div>\n\t\t\t\t<div className=\"elementor-element elementor-element-763cd8c elementor-widget elementor-widget-mf-mobile\" data-id=\"763cd8c\" data-element_type=\"widget\" data-e-type=\"widget\" data-settings=\"{&quot;mf_input_name&quot;:&quot;mf-mobile&quot;}\" data-widget_type=\"mf-mobile.default\">\n\t\t\t\t<div className=\"elementor-widget-container\">\n\t\t\t\t\t\n\t\t\n\t\t<div className=\"mf-input-wrapper\">\n\t\t\t\n\t\t\t<${props.ReactPhoneInput}\n\t\t\t\tinputProps=${{\n\t\t\t\t\tname: \"mf-mobile\"\n\t\t\t\t}}\n\t\t\t\tinputExtraProps=${{\n\t\t\t\t\trequired: true,\n\t\t\t\t\tautoFocus: true,\n\t\t\t\t}}\n\t\t\t\tkey=${parent.state.resetKey}\n\t\t\t\tsearchPlaceholder=\"Search\"\n\t\t\t\tinputClass=\"mf-input mf-input-mobile\"\n\t\t\t\tcountry=\"tr\"\n\t\t\t\tenableSearch=${true}\n\t\t\t\tcountryCodeEditable=${false}\n\t\t\t\tenableAreaCodes=${false}\n\t\t\t\tvalue=${parent.state.mobileWidget[\"mf-mobile\"] ? parent.state.mobileWidget[\"mf-mobile\"] : \n\t\t\t\t(parent.state.formData[\"mf-mobile\"] ? parent.state.formData[\"mf-mobile\"] : '')}\n\t\t\t\t}\n\t\t\t\tname=\"mf-mobile\"\n\t\t\t\tid=\"mf-input-mobile-763cd8c\"\n\t\t\t\tonChange=${(value, country) => {\n\t\t\t\t\treturn parent.handleOnChangePhoneInput(value, \"mf-mobile\", country)\n\t\t\t\t} }\n\t\t\t\tonBlur=${(event, country) => {\n\t\t\t\t\tlet value = event.target.value;\n\t\t\t\t\tif(value){\n\t\t\t\t\t\tvalue = value.replace(\/[^\\d]\/g, '');\n\t\t\t\t\t}\n\t\t\t\t\tparent.handleOnChangePhoneInput(value, \"mf-mobile\", country)\n\t\t\t\t} }\n\t\t\t\t\/>\n\t\t\t\t\t\t\t<input\n\t\t\t\t\ttype=\"hidden\"\n\t\t\t\t\tname=\"mf-mobile\"\n\t\t\t\t\tclassName=\"mf-input mf-mobile-hidden\"\n\t\t\t\t\tstyle=${{ 'display': 'none', }}\n\t\t\t\t\tvalue=${ parent.getValue( 'mf-mobile' ) }\n\t\t\t\t\tref=${ (el) => parent.activateValidation({\"message\":\"Bu alan zorunludur.\",\"minLength\":1,\"maxLength\":\"\",\"type\":\"none\",\"required\":true}, el) }\n\t\t\t\t\t\/>\n\t\t\t\t<${validation.ErrorMessage}\n\t\t\t\t\terrors=${validation.errors}\n\t\t\t\t\tname=\"mf-mobile\"\n\t\t\t\t\tas=${html`<span className=\"mf-error-message\"><\/span>`}\n\t\t\t\t\t\/>\n\t\t\t\t\t\t\n\t\t\t\t\t<\/div>\n\n\t\t\n\t\t\t\t\t\t<\/div>\n\t\t\t\t<\/div>\n\t\t\t\t<div className=\"elementor-element elementor-element-85c1d89 elementor-widget elementor-widget-mf-text\" data-id=\"85c1d89\" data-element_type=\"widget\" data-e-type=\"widget\" data-settings=\"{&quot;mf_input_name&quot;:&quot;mf-text&quot;,&quot;mf_input_get_params_enable&quot;:&quot;no&quot;}\" data-widget_type=\"mf-text.default\">\n\t\t\t\t\t\r\n\t\t<div className=\"mf-input-wrapper\">\r\n\t\t\t\r\n\t\t\t<input\r\n\t\t\t\ttype=\"text\"\r\n\t\t\t\tclassName=\"mf-input \"\r\n\t\t\t\tid=\"mf-input-text-85c1d89\"\r\n\t\t\t\tname=\"mf-text\"\r\n\t\t\t\tplaceholder=\"${ parent.decodeEntities(`Konu`) } \"\r\n\t\t\t\t\t\t\t\t\tonInput=${parent.handleChange}\r\n\t\t\t\t\tonBlur=${parent.handleChange}\r\n\t\t\t\t\taria-invalid=${validation.errors['mf-text'] ? 'true' : 'false'}\r\n\t\t\t\t\tref=${el =>{\r\n\t\t\t\t\t\t\t\t\t\t\t\tparent.activateValidation({\"message\":\"This field is required.\",\"minLength\":1,\"maxLength\":\"\",\"type\":\"none\",\"required\":false,\"expression\":\"null\"}, el)\r\n\t\t\t\t\t}}\r\n\t\t\t\t\t\t\t\t\/>\r\n\r\n\t\t\t\t\t\t\t<${validation.ErrorMessage}\r\n\t\t\t\t\terrors=${validation.errors}\r\n\t\t\t\t\tname=\"mf-text\"\r\n\t\t\t\t\tas=${html`<span className=\"mf-error-message\"><\/span>`}\r\n\t\t\t\t\t\/>\r\n\t\t\t\r\n\t\t\t\t\t<\/div>\r\n\r\n\t\t\t\t\t\t<\/div>\n\t\t\t\t<div className=\"elementor-element elementor-element-275598c elementor-widget elementor-widget-mf-textarea\" data-id=\"275598c\" data-element_type=\"widget\" data-e-type=\"widget\" data-settings=\"{&quot;mf_input_name&quot;:&quot;mf-textarea&quot;,&quot;mf_input_get_params_enable&quot;:&quot;no&quot;}\" data-widget_type=\"mf-textarea.default\">\n\t\t\t\t\t\r\n\t\t<div className=\"mf-input-wrapper\">\r\n\t\t\t\r\n\t\t\t<textarea className=\"mf-input mf-textarea \" id=\"mf-input-text-area-275598c\"\r\n\t\t\t\tname=\"mf-textarea\" \r\n\t\t\t\tplaceholder=\"${ parent.decodeEntities(`Mesaj\u0131n\u0131z`) } \"\r\n\t\t\t\tcols=\"30\" rows=\"10\"\r\n\t\t\t\t\t\t\t\t\tonInput=${ parent.handleChange }\r\n\t\t\t\t\taria-invalid=${validation.errors['mf-textarea'] ? 'true' : 'false'}\r\n\t\t\t\t\tref=${ el => parent.activateValidation({\"message\":\"This field is required.\",\"minLength\":1,\"maxLength\":\"\",\"type\":\"none\",\"required\":false,\"expression\":\"null\"}, el)}\r\n\t\t\t\t\t\t\t\t><\/textarea>\r\n\r\n\t\t\t\t\t\t\t<${validation.ErrorMessage}\r\n\t\t\t\t\terrors=${validation.errors}\r\n\t\t\t\t\tname=\"mf-textarea\"\r\n\t\t\t\t\tas=${html`<span className=\"mf-error-message\"><\/span>`}\r\n\t\t\t\t\t\/>\r\n\t\t\t\t\t\t\t\t<\/div>\r\n\r\n\t\t\t\t\t\t<\/div>\n\t\t\t\t<div className=\"elementor-element elementor-element-bc86632 mf-btn--left elementor-widget elementor-widget-mf-button\" data-id=\"bc86632\" data-element_type=\"widget\" data-e-type=\"widget\" data-widget_type=\"mf-button.default\">\n\t\t\t\t\t\t\t<div className=\"mf-btn-wraper \" data-mf-form-conditional-logic-requirement=\"\">\r\n\t\t\t\t\t\t\t<button type=\"submit\" className=\"metform-btn metform-submit-btn \" id=\"\">\r\n\t\t\t\t\t<span>${ parent.decodeEntities(`G\u00f6nder`) } <\/span>\r\n\t\t\t\t<\/button>\r\n\t\t\t        <\/div>\r\n        \t\t\t\t<\/div>\n\t\t\t\t<\/div>\n\t\t\t\t<\/div>\n\t\t\t\t<\/div>\n\t\t\t\t\t\t\t`}\r\n\t\t\t\t\t<\/div>\r\n\r\n\t\t\t\t\t${is_dummy_markup ? message_position === 'bottom' ? props.ResponseDummyMarkup(message_successIcon, message_proClass) : '' : ''}\r\n\t\t\t\t\t${is_dummy_markup ? ' ' : message_position === 'bottom' ? props.SubmitResponseMarkup`${parent}${state}${message_successIcon}${message_errorIcon}${message_proClass}` : ''}\r\n\t\t\t\t\r\n\t\t\t\t<\/form>\r\n\t\t\t`\r\n\t\t<\/script>\r\n\r\n\t\t\t\t\t<\/div>\n\t\t<\/div>\n\t\t<\/div>\t\t\t\t<\/div>\n\t\t\t\t<\/div>\n\t\t\t\t<\/div>\n\t\t\t\t\t<\/div>\n\t\t\t\t<\/div>\n\t\t\t\t<\/div>","protected":false},"excerpt":{"rendered":"<p>\u0130\u00e7indekiler Jett Plasma tedavisi, cilt yenileme, s\u0131k\u0131la\u015ft\u0131rma ve \u00e7e\u015fitli cilt problemlerini tedavi etmek i\u00e7in kullan\u0131lan, y\u00fcksek teknolojiye dayal\u0131, minimal invaziv bir estetik uygulamad\u0131r. \u00d6zellikle ameliyats\u0131z estetik y\u00f6ntemler aras\u0131nda pop\u00fcler hale gelen bu tedavi, plazma enerjisi kullanarak cildin \u00fcst katmanlar\u0131n\u0131 hedefler ve do\u011fal yenilenme s\u00fcrecini tetikler. Jett Plasma Nedir? Jett Plasma, bir plazma cihaz\u0131 kullan\u0131larak yap\u0131lan [&hellip;]<\/p>","protected":false},"author":1,"featured_media":1175,"parent":725,"menu_order":0,"comment_status":"closed","ping_status":"closed","template":"","meta":{"_seopress_robots_primary_cat":"","_seopress_titles_title":"Jett Plasma Nedir? Ameliyats\u0131z Cilt Gen\u00e7le\u015ftirme Y\u00f6ntemi","_seopress_titles_desc":"","_seopress_robots_index":"","footnotes":""},"class_list":["post-1174","page","type-page","status-publish","has-post-thumbnail","hentry"],"_links":{"self":[{"href":"https:\/\/cenkgul.com\/de\/wp-json\/wp\/v2\/pages\/1174","targetHints":{"allow":["GET"]}}],"collection":[{"href":"https:\/\/cenkgul.com\/de\/wp-json\/wp\/v2\/pages"}],"about":[{"href":"https:\/\/cenkgul.com\/de\/wp-json\/wp\/v2\/types\/page"}],"author":[{"embeddable":true,"href":"https:\/\/cenkgul.com\/de\/wp-json\/wp\/v2\/users\/1"}],"replies":[{"embeddable":true,"href":"https:\/\/cenkgul.com\/de\/wp-json\/wp\/v2\/comments?post=1174"}],"version-history":[{"count":0,"href":"https:\/\/cenkgul.com\/de\/wp-json\/wp\/v2\/pages\/1174\/revisions"}],"up":[{"embeddable":true,"href":"https:\/\/cenkgul.com\/de\/wp-json\/wp\/v2\/pages\/725"}],"wp:featuredmedia":[{"embeddable":true,"href":"https:\/\/cenkgul.com\/de\/wp-json\/wp\/v2\/media\/1175"}],"wp:attachment":[{"href":"https:\/\/cenkgul.com\/de\/wp-json\/wp\/v2\/media?parent=1174"}],"curies":[{"name":"wp","href":"https:\/\/api.w.org\/{rel}","templated":true}]}}