{"id":1137,"date":"2024-12-23T23:36:10","date_gmt":"2024-12-23T23:36:10","guid":{"rendered":"https:\/\/cenkgul.com\/?page_id=1137"},"modified":"2024-12-23T23:39:34","modified_gmt":"2024-12-23T23:39:34","slug":"perez-politik","status":"publish","type":"page","link":"https:\/\/cenkgul.com\/de\/perez-politik\/","title":{"rendered":"Cookie-Richtlinie"},"content":{"rendered":"<div data-elementor-type=\"wp-page\" data-elementor-id=\"1137\" class=\"elementor elementor-1137\" data-elementor-post-type=\"page\">\n\t\t\t\t<div class=\"elementor-element elementor-element-828e032 e-flex e-con-boxed e-con e-parent\" data-id=\"828e032\" data-element_type=\"container\" data-e-type=\"container\" data-settings=\"{&quot;background_background&quot;:&quot;classic&quot;}\">\n\t\t\t\t\t<div class=\"e-con-inner\">\n\t\t\t\t<div class=\"elementor-element elementor-element-d84fb3f elementor-widget elementor-widget-heading\" data-id=\"d84fb3f\" data-element_type=\"widget\" data-e-type=\"widget\" data-widget_type=\"heading.default\">\n\t\t\t\t\t<h1 class=\"elementor-heading-title elementor-size-default\">Cookie-Richtlinie<\/h1>\t\t\t\t<\/div>\n\t\t\t\t\t<\/div>\n\t\t\t\t<\/div>\n\t\t<div class=\"elementor-element elementor-element-5c0ed3f e-flex e-con-boxed e-con e-parent\" data-id=\"5c0ed3f\" data-element_type=\"container\" data-e-type=\"container\">\n\t\t\t\t\t<div class=\"e-con-inner\">\n\t\t<div class=\"elementor-element elementor-element-2282f80 e-con-full e-flex e-con e-child\" data-id=\"2282f80\" data-element_type=\"container\" data-e-type=\"container\">\n\t\t\t\t<div class=\"elementor-element elementor-element-2abd2ca elementor-widget elementor-widget-text-editor\" data-id=\"2abd2ca\" data-element_type=\"widget\" data-e-type=\"widget\" data-widget_type=\"text-editor.default\">\n\t\t\t\t\t\t\t\t\t<p>Letzte Aktualisierung: 24\/12\/2024<\/p><p>Wir, die Uzm. Dr. Cenk G\u00fcl Medical Clinic legt Wert auf Ihre Sicherheit und mit dieser Cookie-Richtlinie m\u00f6chten wir Sie, liebe Besucher, kurz dar\u00fcber informieren, welche Cookies wir auf unserer Website verwenden, zu welchem Zweck und wie Sie Ihre Cookie-Einstellungen \u00e4ndern k\u00f6nnen.<\/p><p>Um Ihnen einen besseren Service bieten zu k\u00f6nnen, bitten wir Sie, diese Cookie-Richtlinie zu lesen, um sich kurz dar\u00fcber zu informieren, welche Art von personenbezogenen Daten durch Cookies gesammelt werden, zu welchem Zweck und wie sie verarbeitet werden. F\u00fcr weitere Informationen k\u00f6nnen Sie einen Blick in unsere Datenschutzrichtlinie werfen oder uns ohne zu z\u00f6gern kontaktieren.<\/p><h2>Was ist ein Cookie?<\/h2><p>Cookies sind kleine Dateien, die auf den Ger\u00e4ten der Nutzer gespeichert werden, um ihnen eine effizientere Nutzung von Websites zu erm\u00f6glichen. Aufgrund der Tatsache, dass die Informationen der Nutzer durch Cookies verarbeitet werden, ist Nr. 6698\u00a0<a href=\"https:\/\/sartlar.com\/kvkk-nedir\">Gesetz zum Schutz personenbezogener Daten<\/a>\u00a0Gem\u00e4\u00df den Bestimmungen des Gesetzes \u00fcber den Schutz personenbezogener Daten m\u00fcssen die Nutzer informiert und ihre Zustimmung eingeholt werden.<\/p><p>Wir verwenden verschiedene Cookies, um sicherzustellen, dass Sie, liebe Besucher, unsere Website so effizient wie m\u00f6glich nutzen k\u00f6nnen, und um die Nutzererfahrung unserer lieben Besucher zu verbessern.<\/p><h3>1. obligatorische Cookies<\/h3><p>Obligatorische Cookies sind Cookies, die die Nutzung der Website erm\u00f6glichen, indem sie die Grundfunktionen der Website aktivieren. Ohne diese Cookies wird die Website nicht richtig funktionieren.<\/p><h3>2. leistungsbezogene Cookies<\/h3><p>Performance-Cookies sind Cookies, die in anonymer Form Informationen \u00fcber die Nutzung und die Pr\u00e4ferenzen der Besucher der Website sammeln und so die Leistung der Website verbessern.<\/p><h3>3. funktionale Cookies<\/h3><p>Funktionale Cookies sind Cookies, die es erm\u00f6glichen, die Nutzer bei k\u00fcnftigen Besuchen auf der Grundlage ihrer bisherigen Nutzung der Website zu erkennen und zu speichern, und die es den Websites erm\u00f6glichen, den Nutzern personalisierte Dienste wie Sprache, Region usw. anzubieten.<\/p><h3>4. werbung Cookies<\/h3><p>Werbe-Cookies sind Cookies, die Dritten geh\u00f6ren und dazu dienen, das Verhalten von Besuchern auf Websites zu verfolgen. Der Zweck dieser Cookies ist es, Werbung anzuzeigen, die das Interesse der Besucher f\u00fcr ihre Bed\u00fcrfnisse weckt, und die Verantwortung liegt bei den Dritten, die Eigent\u00fcmer des Cookies sind.<\/p><h2>Welche personenbezogenen Daten werden mit Cookies verarbeitet?<\/h2><p>Ihre Identit\u00e4ts- (Vorname, Nachname, Geburtsdatum usw.) und Kontaktinformationen (Adresse, E-Mail-Adresse, Telefon, IP-Adresse, Standort usw.) werden von uns durch Cookies, durch automatische oder nicht automatische Methoden und manchmal durch die Beschaffung, Aufzeichnung, Speicherung und Aktualisierung von Dritten wie Analytik-Anbietern, Werbenetzwerken, Anbietern von Suchinformationen und Technologieanbietern im Rahmen und f\u00fcr die Dauer des Dienstes und der vertraglichen Beziehung zwischen uns auf der Grundlage der Bedingung des berechtigten Interesses an der Verarbeitung verarbeitet.<\/p><h2>Zu welchem Zweck werden Cookies verwendet?<\/h2><p>Unsere Website verwendet Cookies, um die Sicherheit durch die Erkennung verd\u00e4chtiger Handlungen zu gew\u00e4hrleisten, um die Funktionalit\u00e4t und Leistung entsprechend den Pr\u00e4ferenzen der Nutzer zu verbessern, um Produkte und Dienstleistungen zu entwickeln und zu personalisieren und um den Zugang zu diesen Dienstleistungen zu erleichtern sowie um vertragliche und gesetzliche Verpflichtungen zu erf\u00fcllen. Dar\u00fcber hinaus kommen auch Werbe-Cookies und der Informationsaustausch mit Dritten in Frage, um die Nutzer mit einer gr\u00f6\u00dferen Anzahl von Dienstleistern zusammenzubringen.<\/p><h2>Wie werden Cookies verwaltet?<\/h2><p>Nach all diesen Erkl\u00e4rungen bleibt die Frage, welche Cookies verwendet werden, dem freien Willen unserer Nutzer \u00fcberlassen. Sie k\u00f6nnen Ihre Cookie-Pr\u00e4ferenzen verwalten, sobald Sie unsere Website betreten, indem Sie die Cookies in Ihren Browsereinstellungen l\u00f6schen oder blockieren, oder Sie k\u00f6nnen diese Einstellungen jederzeit in der Zukunft \u00e4ndern. Ausf\u00fchrlichere Informationen finden Sie in unserer Datenschutzerkl\u00e4rung oder Sie k\u00f6nnen uns \u00fcber die E-Mail-Adresse info@cenkgul.com kontaktieren.<\/p>\t\t\t\t\t\t\t\t<\/div>\n\t\t\t\t<\/div>\n\t\t\t\t\t<\/div>\n\t\t\t\t<\/div>\n\t\t\t\t<\/div>","protected":false},"excerpt":{"rendered":"<p>Son g\u00fcncellenme: 24\/12\/2024 Biz, Uzm. Dr. Cenk G\u00fcl Medikal Klinik, olarak g\u00fcvenli\u011finize \u00f6nem veriyor ve bu \u00c7erez Politikas\u0131 ile siz sevgili ziyaret\u00e7ilerimizi, web sitemizde hangi \u00e7erezleri, hangi ama\u00e7la kulland\u0131\u011f\u0131m\u0131z ve \u00e7erez ayarlar\u0131n\u0131z\u0131 nas\u0131l de\u011fi\u015ftirece\u011finiz konular\u0131nda k\u0131saca bilgilendirmeyi hedefliyoruz. Sizlere daha iyi hizmet verebilmek ad\u0131na, \u00e7erezler vas\u0131tas\u0131yla, ne t\u00fcr ki\u015fisel verilerinizin hangi ama\u00e7la topland\u0131\u011f\u0131 ve nas\u0131l [&hellip;]<\/p>","protected":false},"author":1,"featured_media":0,"parent":0,"menu_order":0,"comment_status":"closed","ping_status":"closed","template":"","meta":{"_seopress_robots_primary_cat":"","_seopress_titles_title":"","_seopress_titles_desc":"","_seopress_robots_index":"","footnotes":""},"class_list":["post-1137","page","type-page","status-publish","hentry"],"_links":{"self":[{"href":"https:\/\/cenkgul.com\/de\/wp-json\/wp\/v2\/pages\/1137","targetHints":{"allow":["GET"]}}],"collection":[{"href":"https:\/\/cenkgul.com\/de\/wp-json\/wp\/v2\/pages"}],"about":[{"href":"https:\/\/cenkgul.com\/de\/wp-json\/wp\/v2\/types\/page"}],"author":[{"embeddable":true,"href":"https:\/\/cenkgul.com\/de\/wp-json\/wp\/v2\/users\/1"}],"replies":[{"embeddable":true,"href":"https:\/\/cenkgul.com\/de\/wp-json\/wp\/v2\/comments?post=1137"}],"version-history":[{"count":0,"href":"https:\/\/cenkgul.com\/de\/wp-json\/wp\/v2\/pages\/1137\/revisions"}],"wp:attachment":[{"href":"https:\/\/cenkgul.com\/de\/wp-json\/wp\/v2\/media?parent=1137"}],"curies":[{"name":"wp","href":"https:\/\/api.w.org\/{rel}","templated":true}]}}